{"id":192473,"date":"2024-10-02T13:37:20","date_gmt":"2024-10-02T11:37:20","guid":{"rendered":"https:\/\/www.padelfip.com\/?page_id=192473"},"modified":"2026-04-08T10:20:00","modified_gmt":"2026-04-08T08:20:00","slug":"sistema-tabla-de-puntuacion","status":"publish","type":"page","link":"https:\/\/www.padelfip.com\/es\/sistema-tabla-de-puntuacion\/","title":{"rendered":"Sistema &#038; Tabla de puntuaci\u00f3n"},"content":{"rendered":"<p>La Federaci\u00f3n Internacional de P\u00e1del (FIP), junto con QATAR AIRWAYS PREMIER PADEL ha anunciado lo siguiente en relaci\u00f3n con el Ranking 2026 en categor\u00edas Femenina y Masculina.<\/p>\n<p><strong>FIP RANKING 2026<\/strong><\/p>\n<p>Al igual que en 2025, los 22 mejores resultados obtenidos por los jugadores y jugadoras en los torneos QATAR AIRWAYS PREMIER PADEL y CUPRA FIP TOUR formaran el FIP Ranking 2026.<br \/>\nLa distribuci\u00f3n de puntos depende de la categor\u00eda del torneo y de la ronda alcanzada, lo que asegura un sistema jer\u00e1rquico y fomenta la consistencia competitiva anual.<br \/>\nEste mecanismo es fundamental para estructurar la clasificaci\u00f3n y regular el acceso a torneos seg\u00fan el nivel de rendimiento.<\/p>\n<p><strong>DEFENSA PUNTOS 2025<\/strong><\/p>\n<p>La defensa de puntos se basa en un ciclo continuo de 52 semanas, donde los jugadores deben igualar o superar el desempe\u00f1o obtenido en las mismas semanas del a\u00f1o anterior para retener los puntos en su ranking.<br \/>\nLa p\u00e9rdida de puntos es autom\u00e1tica elimin\u00e1ndose los puntos al concluir el ciclo. Estos se sustituir\u00e1n por el resultado obtenido en la semana correspondiente del a\u00f1o en curso.<\/p>\n<p>Los puntos obtenidos en los torneos MAJOR y FINALS celebrados en 2025 se defender\u00e1n durante la semana del torneo MAJOR y FINALS de 2026.<\/p>\n<table width=\"1108\">\n<tbody>\n<tr>\n<td width=\"290\"><strong>TORNEO<\/strong><\/td>\n<td width=\"812\"><strong>SEMANA<\/strong><\/td>\n<\/tr>\n<tr>\n<td width=\"290\">QATAR MAJOR 2025<\/td>\n<td width=\"812\">Por definir<\/td>\n<\/tr>\n<tr>\n<td width=\"290\">ITALY MAJOR 2025<\/td>\n<td width=\"812\">8 Junio 2026<\/td>\n<\/tr>\n<tr>\n<td width=\"290\">PARIS MAJOR 2025<\/td>\n<td width=\"812\">14 Septiembre 2026<\/td>\n<\/tr>\n<tr>\n<td width=\"290\">MEXICO MAJOR 2025<\/td>\n<td width=\"812\">30 Noviembre \u00a02026<\/td>\n<\/tr>\n<tr>\n<td width=\"290\">BARCELONA FINALS 2025<\/td>\n<td width=\"812\">7 Diciembre 2026<\/td>\n<\/tr>\n<\/tbody>\n<\/table>\n<p><strong>REGLAS DEL RANKING RACE<\/strong><\/p>\n<p>El Race Ranking est\u00e1 determinado por los 22 mejores resultados de cada jugador en 2026, es decir, los torneos disputados en los circuitos QATAR AIRWAYS PREMIER PADEL 2025 y CUPRA FIP TOUR 2026.<\/p>\n<p><strong>TABLA DE PUNTUACI\u00d3N FIP RANKING<\/strong><\/p>\n<p><a href=\"https:\/\/www.padelfip.com\/wp-content\/uploads\/2026\/02\/FIP-Points-Table-2026.jpg.jpeg\"><img loading=\"lazy\" decoding=\"async\" class=\"alignnone wp-image-294564 size-full\" src=\"https:\/\/www.padelfip.com\/wp-content\/uploads\/2026\/02\/FIP-Points-Table-2026.jpg.jpeg\" alt=\"\" width=\"2048\" height=\"1119\" srcset=\"https:\/\/www.padelfip.com\/wp-content\/uploads\/2026\/02\/FIP-Points-Table-2026.jpg.jpeg 2048w, https:\/\/www.padelfip.com\/wp-content\/uploads\/2026\/02\/FIP-Points-Table-2026.jpg-300x164.jpeg 300w, https:\/\/www.padelfip.com\/wp-content\/uploads\/2026\/02\/FIP-Points-Table-2026.jpg-1024x560.jpeg 1024w, https:\/\/www.padelfip.com\/wp-content\/uploads\/2026\/02\/FIP-Points-Table-2026.jpg-768x420.jpeg 768w, https:\/\/www.padelfip.com\/wp-content\/uploads\/2026\/02\/FIP-Points-Table-2026.jpg-1536x839.jpeg 1536w\" sizes=\"auto, (max-width: 2048px) 100vw, 2048px\" \/><\/a><\/p>\n<p>&nbsp;<\/p>\n<p>&nbsp;<\/p>\n<p>&nbsp;<\/p>\n<p>&nbsp;<\/p>\n<p>&nbsp;<\/p>\n<p>&nbsp;<\/p>\n","protected":false},"excerpt":{"rendered":"<p>La Federaci\u00f3n Internacional de P\u00e1del (FIP), junto con QATAR AIRWAYS PREMIER PADEL ha anunciado lo siguiente en relaci\u00f3n con el Ranking 2026 en categor\u00edas Femenina y Masculina. FIP RANKING 2026 Al igual que en 2025, los 22 mejores resultados obtenidos por los jugadores y jugadoras en los torneos QATAR AIRWAYS PREMIER PADEL y CUPRA FIP [&hellip;]<\/p>\n","protected":false},"author":2,"featured_media":0,"parent":0,"menu_order":0,"comment_status":"closed","ping_status":"closed","template":"","meta":{"_acf_changed":false,"footnotes":""},"class_list":["post-192473","page","type-page","status-publish","hentry"],"acf":[],"_links":{"self":[{"href":"https:\/\/www.padelfip.com\/es\/wp-json\/wp\/v2\/pages\/192473","targetHints":{"allow":["GET"]}}],"collection":[{"href":"https:\/\/www.padelfip.com\/es\/wp-json\/wp\/v2\/pages"}],"about":[{"href":"https:\/\/www.padelfip.com\/es\/wp-json\/wp\/v2\/types\/page"}],"author":[{"embeddable":true,"href":"https:\/\/www.padelfip.com\/es\/wp-json\/wp\/v2\/users\/2"}],"replies":[{"embeddable":true,"href":"https:\/\/www.padelfip.com\/es\/wp-json\/wp\/v2\/comments?post=192473"}],"version-history":[{"count":1,"href":"https:\/\/www.padelfip.com\/es\/wp-json\/wp\/v2\/pages\/192473\/revisions"}],"predecessor-version":[{"id":320087,"href":"https:\/\/www.padelfip.com\/es\/wp-json\/wp\/v2\/pages\/192473\/revisions\/320087"}],"wp:attachment":[{"href":"https:\/\/www.padelfip.com\/es\/wp-json\/wp\/v2\/media?parent=192473"}],"curies":[{"name":"wp","href":"https:\/\/api.w.org\/{rel}","templated":true}]}}