{"id":241053,"date":"2025-04-14T16:25:54","date_gmt":"2025-04-14T14:25:54","guid":{"rendered":"https:\/\/www.padelfip.com\/deporte-limpio\/"},"modified":"2025-04-17T09:42:24","modified_gmt":"2025-04-17T07:42:24","slug":"deporte-limpio","status":"publish","type":"page","link":"https:\/\/www.padelfip.com\/es\/deporte-limpio\/","title":{"rendered":"Deporte limpio"},"content":{"rendered":"<p><strong>La Federaci\u00f3n Internacional de P\u00e1del (FIP) se ha asociado con la Agencia Internacional de Pruebas (ITA) para colaborar en la gesti\u00f3n independiente de todo su programa antidopaje, un paso que subraya su firme compromiso con el deporte limpio, el bienestar de los atletas y la integridad del p\u00e1del profesional a medida que crece a nivel mundial.<\/strong><\/p>\n<p>&nbsp;<\/p>\n<p>En virtud de este acuerdo, la ATI asumir\u00e1 la plena responsabilidad de todas las \u00e1reas del programa antidopaje de la FIP, garantizando su aplicaci\u00f3n independiente en estricta conformidad con el <strong>C\u00f3digo Mundial Antidopaje<\/strong> y sus Normas Internacionales. El programa incluye el desarrollo y la aplicaci\u00f3n de un s\u00f3lido plan de distribuci\u00f3n de pruebas basado en una exhaustiva evaluaci\u00f3n de riesgos adaptada a las especificidades del p\u00e1del.<\/p>\n<p>El uso de sustancias dopantes o de m\u00e9todos de dopaje para mejorar el rendimiento es fundamentalmente err\u00f3neo y perjudicial para el esp\u00edritu general del deporte. El uso indebido de drogas puede ser perjudicial para la salud de un deportista y para otros deportistas que compiten en el deporte. Da\u00f1a gravemente la integridad, la imagen y el valor del deporte, independientemente de que la motivaci\u00f3n para consumir drogas sea o no mejorar el rendimiento.<\/p>\n<p>&nbsp;<\/p>\n<p>Para lograr la integridad y la equidad en el deporte, es fundamental el compromiso con un terreno de juego limpio. La Federaci\u00f3n Internacional de P\u00e1del (FIP) trata de mantener la integridad del p\u00e1del mediante un programa antidopaje integral que se centra por igual en la educaci\u00f3n\/prevenci\u00f3n y en los controles, con consecuencias para quienes infringen las normas.<\/p>\n<p>&nbsp;<\/p>\n<p>&nbsp;<\/p>\n<p><img loading=\"lazy\" decoding=\"async\" class=\"aligncenter wp-image-240627 size-full\" src=\"https:\/\/www.padelfip.com\/wp-content\/uploads\/2025\/04\/report-doping-with-reveal.jpg\" alt=\"\" width=\"1020\" height=\"250\" srcset=\"https:\/\/www.padelfip.com\/wp-content\/uploads\/2025\/04\/report-doping-with-reveal.jpg 1020w, https:\/\/www.padelfip.com\/wp-content\/uploads\/2025\/04\/report-doping-with-reveal-300x74.jpg 300w, https:\/\/www.padelfip.com\/wp-content\/uploads\/2025\/04\/report-doping-with-reveal-768x188.jpg 768w\" sizes=\"auto, (max-width: 1020px) 100vw, 1020px\" \/><\/p>\n","protected":false},"excerpt":{"rendered":"<p>La Federaci\u00f3n Internacional de P\u00e1del (FIP) se ha asociado con la Agencia Internacional de Pruebas (ITA) para colaborar en la gesti\u00f3n independiente de todo su programa antidopaje, un paso que subraya su firme compromiso con el deporte limpio, el bienestar de los atletas y la integridad del p\u00e1del profesional a medida que crece a nivel [&hellip;]<\/p>\n","protected":false},"author":16,"featured_media":0,"parent":0,"menu_order":0,"comment_status":"closed","ping_status":"closed","template":"tmp-cleanSport.php","meta":{"_acf_changed":false,"footnotes":""},"class_list":["post-241053","page","type-page","status-publish","hentry"],"acf":[],"_links":{"self":[{"href":"https:\/\/www.padelfip.com\/es\/wp-json\/wp\/v2\/pages\/241053","targetHints":{"allow":["GET"]}}],"collection":[{"href":"https:\/\/www.padelfip.com\/es\/wp-json\/wp\/v2\/pages"}],"about":[{"href":"https:\/\/www.padelfip.com\/es\/wp-json\/wp\/v2\/types\/page"}],"author":[{"embeddable":true,"href":"https:\/\/www.padelfip.com\/es\/wp-json\/wp\/v2\/users\/16"}],"replies":[{"embeddable":true,"href":"https:\/\/www.padelfip.com\/es\/wp-json\/wp\/v2\/comments?post=241053"}],"version-history":[{"count":0,"href":"https:\/\/www.padelfip.com\/es\/wp-json\/wp\/v2\/pages\/241053\/revisions"}],"wp:attachment":[{"href":"https:\/\/www.padelfip.com\/es\/wp-json\/wp\/v2\/media?parent=241053"}],"curies":[{"name":"wp","href":"https:\/\/api.w.org\/{rel}","templated":true}]}}