{"id":241055,"date":"2025-04-14T17:30:37","date_gmt":"2025-04-14T15:30:37","guid":{"rendered":"https:\/\/www.padelfip.com\/?page_id=241055"},"modified":"2025-04-17T09:48:05","modified_gmt":"2025-04-17T07:48:05","slug":"infracciones-de-las-normas-antidopaje","status":"publish","type":"page","link":"https:\/\/www.padelfip.com\/es\/deporte-limpio\/infracciones-de-las-normas-antidopaje\/","title":{"rendered":"Infracciones de las normas antidopaje"},"content":{"rendered":"<h2>Infracciones de las normas antidopaje<\/h2>\n<p>&nbsp;<\/p>\n<p>El dopaje se define como la ocurrencia de una o m\u00e1s de las siguientes infracciones de las normas antidopaje (ADRV, por sus siglas en ingl\u00e9s), de acuerdo con el Art. 2 del C\u00f3digo (Infracciones de las normas antidopaje) 2 del C\u00f3digo (Infracciones de las normas antidopaje):<\/p>\n<ul>\n<li><strong>Presencia<\/strong> de una sustancia prohibida en la muestra de un deportista<\/li>\n<li><strong>Uso o intento de uso<\/strong> de una sustancia o m\u00e9todo prohibido<\/li>\n<li><strong>Negativa<\/strong> a someterse a la recogida de muestras despu\u00e9s de haber sido notificado<\/li>\n<li><strong>No presentaci\u00f3n<\/strong> de la informaci\u00f3n sobre el paradero del deportista y controles fallidos<\/li>\n<li><strong>Manipulaci\u00f3n<\/strong> de cualquier parte del proceso de control antidopaje<\/li>\n<li><strong>Posesi\u00f3n<\/strong> de una sustancia o m\u00e9todo prohibidos<\/li>\n<li><strong>Tr\u00e1fico<\/strong> de sustancias o m\u00e9todos prohibidos<\/li>\n<li><strong>Administraci\u00f3n<\/strong> o intento de administraci\u00f3n de una sustancia o m\u00e9todo prohibido a un deportista<\/li>\n<li><strong>Complicidad<\/strong> en una ADRV<\/li>\n<li><strong>Prohibici\u00f3n de asociaci\u00f3n<\/strong> con personal de apoyo al deportista sancionado<\/li>\n<li><strong>Disuadir o tomar represalias<\/strong> contra otras Personas para que no comuniquen a las autoridades informaci\u00f3n relevante en materia antidopaje.<\/li>\n<\/ul>\n<p>Las cuatro primeras infracciones de las normas antidopaje se aplican \u00fanicamente a los deportistas, ya que se refieren a la obligaci\u00f3n de no tomar sustancias prohibidas y a la obligaci\u00f3n de someterse a controles.<\/p>\n<p>&nbsp;<\/p>\n<p>Las siete normas antidopaje restantes se aplican tanto a los deportistas como al personal de apoyo a los deportistas, incluidos entrenadores, profesionales m\u00e9dicos o cualquier otra persona que trabaje con el deportista o participe en actividades antidopaje. Los administradores, funcionarios y personal de recogida de muestras de las federaciones nacionales e internacionales tambi\u00e9n pueden ser responsables de su conducta en virtud del C\u00f3digo Mundial Antidopaje.<\/p>\n","protected":false},"excerpt":{"rendered":"<p>Infracciones de las normas antidopaje &nbsp; El dopaje se define como la ocurrencia de una o m\u00e1s de las siguientes infracciones de las normas antidopaje (ADRV, por sus siglas en ingl\u00e9s), de acuerdo con el Art. 2 del C\u00f3digo (Infracciones de las normas antidopaje) 2 del C\u00f3digo (Infracciones de las normas antidopaje): Presencia de una [&hellip;]<\/p>\n","protected":false},"author":16,"featured_media":0,"parent":241053,"menu_order":0,"comment_status":"closed","ping_status":"closed","template":"tmp-cleanSport.php","meta":{"_acf_changed":false,"footnotes":""},"class_list":["post-241055","page","type-page","status-publish","hentry"],"acf":[],"_links":{"self":[{"href":"https:\/\/www.padelfip.com\/es\/wp-json\/wp\/v2\/pages\/241055","targetHints":{"allow":["GET"]}}],"collection":[{"href":"https:\/\/www.padelfip.com\/es\/wp-json\/wp\/v2\/pages"}],"about":[{"href":"https:\/\/www.padelfip.com\/es\/wp-json\/wp\/v2\/types\/page"}],"author":[{"embeddable":true,"href":"https:\/\/www.padelfip.com\/es\/wp-json\/wp\/v2\/users\/16"}],"replies":[{"embeddable":true,"href":"https:\/\/www.padelfip.com\/es\/wp-json\/wp\/v2\/comments?post=241055"}],"version-history":[{"count":0,"href":"https:\/\/www.padelfip.com\/es\/wp-json\/wp\/v2\/pages\/241055\/revisions"}],"up":[{"embeddable":true,"href":"https:\/\/www.padelfip.com\/es\/wp-json\/wp\/v2\/pages\/241053"}],"wp:attachment":[{"href":"https:\/\/www.padelfip.com\/es\/wp-json\/wp\/v2\/media?parent=241055"}],"curies":[{"name":"wp","href":"https:\/\/api.w.org\/{rel}","templated":true}]}}