{"id":241058,"date":"2025-04-15T09:57:30","date_gmt":"2025-04-15T07:57:30","guid":{"rendered":"https:\/\/www.padelfip.com\/?page_id=241058"},"modified":"2025-04-17T09:58:26","modified_gmt":"2025-04-17T07:58:26","slug":"educacion-para-un-deporte-limpio","status":"publish","type":"page","link":"https:\/\/www.padelfip.com\/es\/deporte-limpio\/educacion-para-un-deporte-limpio\/","title":{"rendered":"Educaci\u00f3n para un deporte limpio"},"content":{"rendered":"<h2>Educaci\u00f3n para un deporte limpio<\/h2>\n<p>&nbsp;<\/p>\n<p>Con la promulgaci\u00f3n del C\u00f3digo Mundial Antidopaje 2021 y la nueva <a href=\"https:\/\/www.wada-ama.org\/en\/resources\/guidelines-2021-international-standard-education-ise\" target=\"_blank\" rel=\"noopener\">Norma Internacional para la Educaci\u00f3n<\/a>, la educaci\u00f3n antidopaje se ha convertido en un paso clave para garantizar un terreno de juego limpio y justo. Una educaci\u00f3n eficaz y unos programas educativos basados en los valores del deporte limpio son importantes para crear una s\u00f3lida cultura libre de dopaje.<\/p>\n<p>&nbsp;<\/p>\n<p>La FIP apoya este principio y ha puesto en marcha un s\u00f3lido y completo Programa de Educaci\u00f3n para los deportistas de p\u00e1del, el personal de apoyo a los deportistas y otros miembros de la comunidad del p\u00e1del.<\/p>\n<p>&nbsp;<\/p>\n<p>Se recomienda encarecidamente que todos los deportistas, entrenadores y dem\u00e1s personal de apoyo a los deportistas de la FIP dediquen tiempo a formarse e informarse utilizando las numerosas herramientas y recursos educativos antidopaje disponibles. Los recursos sobre temas espec\u00edficos se incluyen como enlaces directos dentro de cada tema; a continuaci\u00f3n se enumeran otros recursos y materiales m\u00e1s generales.<\/p>\n<p>&nbsp;<\/p>\n<p><a href=\"https:\/\/adel.wada-ama.org\/learn\" target=\"_blank\" rel=\"noopener\">Plataforma ADEL de la AMA<\/a><\/p>\n<p>ADEL es la plataforma global de educaci\u00f3n y aprendizaje antidopaje de la AMA. ADEL da la bienvenida a cualquier persona que quiera aprender sobre el deporte limpio &#8211; los cursos de e-learning son gratuitos para todos.<\/p>\n<p>&nbsp;<\/p>\n<p>Hay cursos para deportistas de diferentes niveles, as\u00ed como para entrenadores y otro personal de apoyo. Entre ellos se incluyen:<\/p>\n<ul>\n<li>Gu\u00eda del deportista para el C\u00f3digo 2021<\/li>\n<li>Gu\u00eda del C\u00f3digo 2021 para el personal de apoyo a los deportistas<\/li>\n<li>ADEL para los deportistas inscritos en el grupo de deportistas sometidos a controles<\/li>\n<li>Programa educativo para deportistas de nivel internacional<\/li>\n<li>Programa Educativo para Deportistas de Nivel Nacional<\/li>\n<li>Programa educativo para padres de deportistas de \u00e9lite<\/li>\n<li>Programa educativo para entrenadores de alto rendimiento<\/li>\n<li>Programa de formaci\u00f3n para profesionales m\u00e9dicos<\/li>\n<\/ul>\n<p>Los cursos ADEL est\u00e1n disponibles en muchos idiomas diferentes. Si su idioma no est\u00e1 disponible en el momento de iniciar sesi\u00f3n, aseg\u00farese de consultar la secci\u00f3n ADEL Roadmap del sitio web para ver qu\u00e9 cursos se est\u00e1n traduciendo actualmente y a qu\u00e9 idiomas.<\/p>\n<p><a href=\"https:\/\/ita.sport\/athlete-hub\/\" target=\"_blank\" rel=\"noopener\">ITA Athlete Hub<\/a><\/p>\n<p>La FIP recomienda visitar regularmente el <a href=\"https:\/\/ita.sport\/athlete-hub\/\" target=\"_blank\" rel=\"noopener\">Athlete Hub<\/a> de la Agencia Internacional de Pruebas para consultar las \u00faltimas noticias, art\u00edculos y recursos informativos. La <a href=\"https:\/\/ita.sport\/resources\/\" target=\"_blank\" rel=\"noopener\">secci\u00f3n Recursos<\/a> tambi\u00e9n es \u00fatil si busca un documento espec\u00edfico.<\/p>\n<p><a href=\"https:\/\/ita.sport\/news\/by-athletes-for-athletes-the-ita-continues-raising-clean-sport-awareness-with-public-webinar-series\/\" target=\"_blank\" rel=\"noopener\">Webinarios mensuales de la ITA<\/a><\/p>\n<p>Todos los miembros de la comunidad de la FIP est\u00e1n invitados a participar en la serie de<a href=\"https:\/\/ita.sport\/news\/by-athletes-for-athletes-the-ita-continues-raising-clean-sport-awareness-with-public-webinar-series\/\" target=\"_blank\" rel=\"noopener\"> seminarios web de la ITA<\/a>. Cada mes, expertos en antidopaje o atletas invitados debaten temas clave de antidopaje relevantes para los atletas y el personal de apoyo a los atletas. Todos los seminarios web son gratuitos y accesibles a cualquier miembro interesado de la comunidad deportiva mundial. Los seminarios se imparten en ingl\u00e9s con traducci\u00f3n simult\u00e1nea al \u00e1rabe, franc\u00e9s, ruso y espa\u00f1ol.<\/p>\n<p>La inscripci\u00f3n para cada seminario web se abre 2-3 semanas antes de la sesi\u00f3n en directo en el <a href=\"https:\/\/ita.sport\/athlete-hub\/\" target=\"_blank\" rel=\"noopener\">Centro del Atleta de la ITA<\/a> y en los canales de medios sociales de la ITA. Los webinars anteriores tambi\u00e9n pueden verse en el Athlete Hub.<\/p>\n","protected":false},"excerpt":{"rendered":"<p>Educaci\u00f3n para un deporte limpio &nbsp; Con la promulgaci\u00f3n del C\u00f3digo Mundial Antidopaje 2021 y la nueva Norma Internacional para la Educaci\u00f3n, la educaci\u00f3n antidopaje se ha convertido en un paso clave para garantizar un terreno de juego limpio y justo. Una educaci\u00f3n eficaz y unos programas educativos basados en los valores del deporte limpio [&hellip;]<\/p>\n","protected":false},"author":16,"featured_media":0,"parent":241053,"menu_order":0,"comment_status":"closed","ping_status":"closed","template":"tmp-cleanSport.php","meta":{"_acf_changed":false,"footnotes":""},"class_list":["post-241058","page","type-page","status-publish","hentry"],"acf":[],"_links":{"self":[{"href":"https:\/\/www.padelfip.com\/es\/wp-json\/wp\/v2\/pages\/241058","targetHints":{"allow":["GET"]}}],"collection":[{"href":"https:\/\/www.padelfip.com\/es\/wp-json\/wp\/v2\/pages"}],"about":[{"href":"https:\/\/www.padelfip.com\/es\/wp-json\/wp\/v2\/types\/page"}],"author":[{"embeddable":true,"href":"https:\/\/www.padelfip.com\/es\/wp-json\/wp\/v2\/users\/16"}],"replies":[{"embeddable":true,"href":"https:\/\/www.padelfip.com\/es\/wp-json\/wp\/v2\/comments?post=241058"}],"version-history":[{"count":0,"href":"https:\/\/www.padelfip.com\/es\/wp-json\/wp\/v2\/pages\/241058\/revisions"}],"up":[{"embeddable":true,"href":"https:\/\/www.padelfip.com\/es\/wp-json\/wp\/v2\/pages\/241053"}],"wp:attachment":[{"href":"https:\/\/www.padelfip.com\/es\/wp-json\/wp\/v2\/media?parent=241058"}],"curies":[{"name":"wp","href":"https:\/\/api.w.org\/{rel}","templated":true}]}}