{"id":241061,"date":"2025-04-15T09:48:40","date_gmt":"2025-04-15T07:48:40","guid":{"rendered":"https:\/\/www.padelfip.com\/deporte-limpio\/consecuencias-del-dopaje\/"},"modified":"2025-04-17T10:04:40","modified_gmt":"2025-04-17T08:04:40","slug":"consecuencias-del-dopaje","status":"publish","type":"page","link":"https:\/\/www.padelfip.com\/es\/deporte-limpio\/consecuencias-del-dopaje\/","title":{"rendered":"Consecuencias del dopaje"},"content":{"rendered":"<h2>Las consecuencias del dopaje<\/h2>\n<p>&nbsp;<\/p>\n<p>Son muchos los riesgos asociados al dopaje. Desde los efectos negativos sobre la salud mental y f\u00edsica, pasando por la p\u00e9rdida de patrocinio o de premios en met\u00e1lico, hasta el da\u00f1o permanente a la imagen y las relaciones de un deportista, es importante comprender y tener en cuenta todas las consecuencias del dopaje. A continuaci\u00f3n se enumeran algunas de las consecuencias m\u00e1s comunes de no competir limpio.<\/p>\n<p>&nbsp;<\/p>\n<h3>Salud<\/h3>\n<p>El uso de sustancias para mejorar el rendimiento (PED) puede tener repercusiones a corto y largo plazo en la salud f\u00edsica y mental del deportista.<\/p>\n<p>Dependiendo de la sustancia, la dosis y la duraci\u00f3n del uso, se ha demostrado que algunos PED tienen efectos secundarios graves y pueden causar da\u00f1os irreversibles en el organismo de un deportista.<\/p>\n<p>Adem\u00e1s de los aspectos f\u00edsicos, la investigaci\u00f3n cient\u00edfica ha demostrado que existe una correlaci\u00f3n considerable entre el uso de sustancias dopantes y los problemas de salud mental. En general, se ha descubierto que el uso de sustancias dopantes puede desencadenar ansiedad, trastornos obsesivos o psicosis.<\/p>\n<p>&nbsp;<\/p>\n<h3>Social<\/h3>\n<p>Ser asociado con el dopaje o con un delito de dopaje repercutir\u00e1 en la reputaci\u00f3n y las relaciones sociales de la persona. En la opini\u00f3n p\u00fablica, los deportistas u otras personas condenadas por dopaje suelen ser considerados \u00abtramposos\u00bb y sufren muchas formas de estigmatizaci\u00f3n.<\/p>\n<p>El dopaje tiene un impacto negativo significativo en la vida privada de la persona y en sus interacciones sociales, ya que la gente puede sentir que ya no quiere relacionarse con alguien que ha da\u00f1ado la reputaci\u00f3n de un deporte y ha demostrado tener poco juicio.<\/p>\n<p>&nbsp;<\/p>\n<h3>Finanzas<\/h3>\n<p>Una prohibici\u00f3n resultante de una infracci\u00f3n de las normas antidopaje (ADRV) tendr\u00e1 un impacto financiero significativo en el individuo. En el caso de los deportistas, esto incluye, entre otras cosas, la obligaci\u00f3n de devolver el dinero de los premios o una sanci\u00f3n econ\u00f3mica. Otras consecuencias negativas del dopaje incluyen la rescisi\u00f3n de contratos y acuerdos de patrocinio, la p\u00e9rdida de financiaci\u00f3n gubernamental y otras formas de apoyo financiero.<\/p>\n<p>&nbsp;<\/p>\n<h3>Sanciones<\/h3>\n<p>Una infracci\u00f3n de las normas antidopaje repercutir\u00e1 en la capacidad de un deportista para entrenar y competir. Para los entrenadores y dem\u00e1s personal de apoyo a los deportistas, una prohibici\u00f3n puede significar que ya no puedan trabajar con deportistas. Una sanci\u00f3n derivada de una ADRV puede ir desde una advertencia hasta la prohibici\u00f3n de por vida de practicar cualquier deporte.<\/p>\n<p>Tambi\u00e9n es importante tener en cuenta que a las personas sancionadas en el deporte del p\u00e1del tambi\u00e9n se les prohibir\u00e1 jugar, entrenar o trabajar con deportistas en cualquier otra capacidad en un deporte diferente.<\/p>\n<p>Tambi\u00e9n constituye una infracci\u00f3n del C\u00f3digo trabajar con personal de apoyo a los deportistas que haya sido sancionado por una OAD, as\u00ed como con cualquier entrenador, preparador f\u00edsico, m\u00e9dico u otro personal de apoyo a los deportistas que no sea elegible a causa de una ADRV, o con aquellos que hayan sido condenados penalmente o sancionados profesionalmente en relaci\u00f3n con el dopaje.<\/p>\n<p>A continuaci\u00f3n figura una lista completa de los deportistas sancionados y del personal de apoyo a los deportistas en el deporte del p\u00e1del, de conformidad con el art\u00edculo 14.3 del C\u00f3digo (Divulgaci\u00f3n p\u00fablica). 14.3 (Divulgaci\u00f3n p\u00fablica).<\/p>\n","protected":false},"excerpt":{"rendered":"<p>Las consecuencias del dopaje &nbsp; Son muchos los riesgos asociados al dopaje. Desde los efectos negativos sobre la salud mental y f\u00edsica, pasando por la p\u00e9rdida de patrocinio o de premios en met\u00e1lico, hasta el da\u00f1o permanente a la imagen y las relaciones de un deportista, es importante comprender y tener en cuenta todas las [&hellip;]<\/p>\n","protected":false},"author":16,"featured_media":0,"parent":241053,"menu_order":0,"comment_status":"closed","ping_status":"closed","template":"tmp-cleanSport.php","meta":{"_acf_changed":false,"footnotes":""},"class_list":["post-241061","page","type-page","status-publish","hentry"],"acf":[],"_links":{"self":[{"href":"https:\/\/www.padelfip.com\/es\/wp-json\/wp\/v2\/pages\/241061","targetHints":{"allow":["GET"]}}],"collection":[{"href":"https:\/\/www.padelfip.com\/es\/wp-json\/wp\/v2\/pages"}],"about":[{"href":"https:\/\/www.padelfip.com\/es\/wp-json\/wp\/v2\/types\/page"}],"author":[{"embeddable":true,"href":"https:\/\/www.padelfip.com\/es\/wp-json\/wp\/v2\/users\/16"}],"replies":[{"embeddable":true,"href":"https:\/\/www.padelfip.com\/es\/wp-json\/wp\/v2\/comments?post=241061"}],"version-history":[{"count":0,"href":"https:\/\/www.padelfip.com\/es\/wp-json\/wp\/v2\/pages\/241061\/revisions"}],"up":[{"embeddable":true,"href":"https:\/\/www.padelfip.com\/es\/wp-json\/wp\/v2\/pages\/241053"}],"wp:attachment":[{"href":"https:\/\/www.padelfip.com\/es\/wp-json\/wp\/v2\/media?parent=241061"}],"curies":[{"name":"wp","href":"https:\/\/api.w.org\/{rel}","templated":true}]}}