{"id":241064,"date":"2025-04-15T09:59:39","date_gmt":"2025-04-15T07:59:39","guid":{"rendered":"https:\/\/www.padelfip.com\/deporte-limpio\/informacion-de-contacto\/"},"modified":"2025-04-17T10:09:56","modified_gmt":"2025-04-17T08:09:56","slug":"informacion-de-contacto","status":"publish","type":"page","link":"https:\/\/www.padelfip.com\/es\/deporte-limpio\/informacion-de-contacto\/","title":{"rendered":"Informaci\u00f3n de contacto"},"content":{"rendered":"<h2>Informaci\u00f3n de contacto<\/h2>\n<p>&nbsp;<\/p>\n<p>La FI debe asegurarse de que la informaci\u00f3n de contacto est\u00e9 claramente expuesta, actualizada y accesible. La ATI sugiere proporcionar una lista clara de direcciones de correo electr\u00f3nico y\/o n\u00fameros de tel\u00e9fono para diferentes asuntos relacionados con la lucha contra el dopaje, por ejemplo:<\/p>\n<ul>\n<li>Consultas generales: info@ita.sport<\/li>\n<li>Notificaci\u00f3n de dopaje y\/o comportamientos sospechosos: REVEAL@ita.sport<\/li>\n<li>Asuntos TUE: tue@ita.sport<\/li>\n<li>Asuntos ADAMS: fip.padel@ita.sport<\/li>\n<li><a href=\"https:\/\/www.padelfip.com\/federation\/\" target=\"_blank\" rel=\"noopener\">Lista de contactos de las federaciones miembros<\/a><\/li>\n<li>Lista de contactos externos a la FI pero relevantes en el contexto de la lucha contra el dopaje (por ejemplo, la ITA).: <a href=\"mailto:info@ita.sport\">info@ita.sport<\/a><\/li>\n<\/ul>\n","protected":false},"excerpt":{"rendered":"<p>Informaci\u00f3n de contacto &nbsp; La FI debe asegurarse de que la informaci\u00f3n de contacto est\u00e9 claramente expuesta, actualizada y accesible. La ATI sugiere proporcionar una lista clara de direcciones de correo electr\u00f3nico y\/o n\u00fameros de tel\u00e9fono para diferentes asuntos relacionados con la lucha contra el dopaje, por ejemplo: Consultas generales: info@ita.sport Notificaci\u00f3n de dopaje y\/o [&hellip;]<\/p>\n","protected":false},"author":16,"featured_media":0,"parent":241053,"menu_order":0,"comment_status":"closed","ping_status":"closed","template":"tmp-cleanSport.php","meta":{"_acf_changed":false,"footnotes":""},"class_list":["post-241064","page","type-page","status-publish","hentry"],"acf":[],"_links":{"self":[{"href":"https:\/\/www.padelfip.com\/es\/wp-json\/wp\/v2\/pages\/241064","targetHints":{"allow":["GET"]}}],"collection":[{"href":"https:\/\/www.padelfip.com\/es\/wp-json\/wp\/v2\/pages"}],"about":[{"href":"https:\/\/www.padelfip.com\/es\/wp-json\/wp\/v2\/types\/page"}],"author":[{"embeddable":true,"href":"https:\/\/www.padelfip.com\/es\/wp-json\/wp\/v2\/users\/16"}],"replies":[{"embeddable":true,"href":"https:\/\/www.padelfip.com\/es\/wp-json\/wp\/v2\/comments?post=241064"}],"version-history":[{"count":0,"href":"https:\/\/www.padelfip.com\/es\/wp-json\/wp\/v2\/pages\/241064\/revisions"}],"up":[{"embeddable":true,"href":"https:\/\/www.padelfip.com\/es\/wp-json\/wp\/v2\/pages\/241053"}],"wp:attachment":[{"href":"https:\/\/www.padelfip.com\/es\/wp-json\/wp\/v2\/media?parent=241064"}],"curies":[{"name":"wp","href":"https:\/\/api.w.org\/{rel}","templated":true}]}}