{"id":241067,"date":"2025-04-15T09:52:55","date_gmt":"2025-04-15T07:52:55","guid":{"rendered":"https:\/\/www.padelfip.com\/deporte-limpio\/privacidad-de-los-datosdata-privacy\/"},"modified":"2025-04-17T10:17:59","modified_gmt":"2025-04-17T08:17:59","slug":"privacidad-de-los-datos","status":"publish","type":"page","link":"https:\/\/www.padelfip.com\/es\/deporte-limpio\/privacidad-de-los-datos\/","title":{"rendered":"Privacidad de los datos"},"content":{"rendered":"<h2>Privacidad de los datos<\/h2>\n<p>&nbsp;<\/p>\n<p>De conformidad con la Norma Internacional para la Protecci\u00f3n de la Privacidad y la Informaci\u00f3n Personal (ISPPPI), las Organizaciones Antidopaje (OAD) informar\u00e1n a los Participantes o Personas a las que se refieran los Datos Personales sobre el Tratamiento de sus Datos Personales en el contexto de las actividades de la OAD. Esto puede lograrse notificando a las personas pertinentes las actividades de tratamiento de datos de la OAD y la informaci\u00f3n conexa antes o en el momento de recoger la informaci\u00f3n personal.<\/p>\n<p>En este contexto, una OAD puede decidir publicar en su sitio web un Aviso de Privacidad Antidopaje (y, si procede, un Formulario de Consentimiento del Deportista) preparado de conformidad con la ISPPPI y cualquier normativa nacional\/internacional aplicable a la OAD.<\/p>\n<p>Una OAD puede consultar el ISPPPI y las <a href=\"https:\/\/www.wada-ama.org\/en\/resources\/world-anti-doping-program\/guidelines-2021-international-standard-protection-privacy-and\" target=\"_blank\" rel=\"noopener\">Directrices de la AMA para el Est\u00e1ndar Internacional de Protecci\u00f3n de la Privacidad y la Informaci\u00f3n<\/a> Personal para obtener m\u00e1s informaci\u00f3n sobre este tema.<\/p>\n","protected":false},"excerpt":{"rendered":"<p>Privacidad de los datos &nbsp; De conformidad con la Norma Internacional para la Protecci\u00f3n de la Privacidad y la Informaci\u00f3n Personal (ISPPPI), las Organizaciones Antidopaje (OAD) informar\u00e1n a los Participantes o Personas a las que se refieran los Datos Personales sobre el Tratamiento de sus Datos Personales en el contexto de las actividades de la [&hellip;]<\/p>\n","protected":false},"author":16,"featured_media":0,"parent":241053,"menu_order":0,"comment_status":"closed","ping_status":"closed","template":"tmp-cleanSport.php","meta":{"_acf_changed":false,"footnotes":""},"class_list":["post-241067","page","type-page","status-publish","hentry"],"acf":[],"_links":{"self":[{"href":"https:\/\/www.padelfip.com\/es\/wp-json\/wp\/v2\/pages\/241067","targetHints":{"allow":["GET"]}}],"collection":[{"href":"https:\/\/www.padelfip.com\/es\/wp-json\/wp\/v2\/pages"}],"about":[{"href":"https:\/\/www.padelfip.com\/es\/wp-json\/wp\/v2\/types\/page"}],"author":[{"embeddable":true,"href":"https:\/\/www.padelfip.com\/es\/wp-json\/wp\/v2\/users\/16"}],"replies":[{"embeddable":true,"href":"https:\/\/www.padelfip.com\/es\/wp-json\/wp\/v2\/comments?post=241067"}],"version-history":[{"count":0,"href":"https:\/\/www.padelfip.com\/es\/wp-json\/wp\/v2\/pages\/241067\/revisions"}],"up":[{"embeddable":true,"href":"https:\/\/www.padelfip.com\/es\/wp-json\/wp\/v2\/pages\/241053"}],"wp:attachment":[{"href":"https:\/\/www.padelfip.com\/es\/wp-json\/wp\/v2\/media?parent=241067"}],"curies":[{"name":"wp","href":"https:\/\/api.w.org\/{rel}","templated":true}]}}