{"id":241069,"date":"2025-04-14T16:34:53","date_gmt":"2025-04-14T14:34:53","guid":{"rendered":"https:\/\/www.padelfip.com\/deporte-limpio\/principios-y-valores-asociados-al-deporte-limpio\/"},"modified":"2025-04-17T10:25:45","modified_gmt":"2025-04-17T08:25:45","slug":"principios-y-valores-asociados-al-deporte-limpio","status":"publish","type":"page","link":"https:\/\/www.padelfip.com\/es\/deporte-limpio\/principios-y-valores-asociados-al-deporte-limpio\/","title":{"rendered":"Principios y valores asociados al deporte limpio"},"content":{"rendered":"<h2>Principios y valores del deporte limpio<\/h2>\n<p>&nbsp;<\/p>\n<p>La FIP se compromete a difundir los valores y el esp\u00edritu del deporte, que es la celebraci\u00f3n del esp\u00edritu, el cuerpo y la mente humanos. Es la esencia del olimpismo y se refleja en los valores que encontramos en y a trav\u00e9s del deporte, entre ellos:<\/p>\n<ul>\n<li>Salud<\/li>\n<li>\u00c9tica, juego limpio y honradez<\/li>\n<li>Los derechos de los deportistas establecidos en el C\u00f3digo<\/li>\n<li>Excelencia en el rendimiento<\/li>\n<li>Car\u00e1cter y educaci\u00f3n<\/li>\n<li>Diversi\u00f3n y alegr\u00eda<\/li>\n<li>Trabajo en equipo<\/li>\n<li>Dedicaci\u00f3n y compromiso<\/li>\n<li>Respeto de las normas y leyes<\/li>\n<li>Respeto por uno mismo y por los dem\u00e1s Participantes<\/li>\n<li>Valor<\/li>\n<li>Comunidad y solidaridad<\/li>\n<\/ul>\n<p>Los valores del Comit\u00e9 Ol\u00edmpico Internacional (COI) son la excelencia, la amistad y el respeto. Los valores del Comit\u00e9 Paral\u00edmpico Internacional (IPC) son el respeto, la integridad, la equidad, la colaboraci\u00f3n y la excelencia.<\/p>\n","protected":false},"excerpt":{"rendered":"<p>Principios y valores del deporte limpio &nbsp; La FIP se compromete a difundir los valores y el esp\u00edritu del deporte, que es la celebraci\u00f3n del esp\u00edritu, el cuerpo y la mente humanos. Es la esencia del olimpismo y se refleja en los valores que encontramos en y a trav\u00e9s del deporte, entre ellos: Salud \u00c9tica, [&hellip;]<\/p>\n","protected":false},"author":16,"featured_media":0,"parent":241053,"menu_order":0,"comment_status":"closed","ping_status":"closed","template":"tmp-cleanSport.php","meta":{"_acf_changed":false,"footnotes":""},"class_list":["post-241069","page","type-page","status-publish","hentry"],"acf":[],"_links":{"self":[{"href":"https:\/\/www.padelfip.com\/es\/wp-json\/wp\/v2\/pages\/241069","targetHints":{"allow":["GET"]}}],"collection":[{"href":"https:\/\/www.padelfip.com\/es\/wp-json\/wp\/v2\/pages"}],"about":[{"href":"https:\/\/www.padelfip.com\/es\/wp-json\/wp\/v2\/types\/page"}],"author":[{"embeddable":true,"href":"https:\/\/www.padelfip.com\/es\/wp-json\/wp\/v2\/users\/16"}],"replies":[{"embeddable":true,"href":"https:\/\/www.padelfip.com\/es\/wp-json\/wp\/v2\/comments?post=241069"}],"version-history":[{"count":0,"href":"https:\/\/www.padelfip.com\/es\/wp-json\/wp\/v2\/pages\/241069\/revisions"}],"up":[{"embeddable":true,"href":"https:\/\/www.padelfip.com\/es\/wp-json\/wp\/v2\/pages\/241053"}],"wp:attachment":[{"href":"https:\/\/www.padelfip.com\/es\/wp-json\/wp\/v2\/media?parent=241069"}],"curies":[{"name":"wp","href":"https:\/\/api.w.org\/{rel}","templated":true}]}}