{"id":241075,"date":"2025-04-15T09:45:34","date_gmt":"2025-04-15T07:45:34","guid":{"rendered":"https:\/\/www.padelfip.com\/deporte-limpio\/requisitos-del-grupo-de-pruebas-registrado\/"},"modified":"2025-04-17T10:48:55","modified_gmt":"2025-04-17T08:48:55","slug":"requisitos-del-grupo-de-pruebas-registrado","status":"publish","type":"page","link":"https:\/\/www.padelfip.com\/es\/deporte-limpio\/requisitos-del-grupo-de-pruebas-registrado\/","title":{"rendered":"Requisitos del grupo de pruebas registrado"},"content":{"rendered":"<h2>Requisitos del grupo de pruebas registrado<\/h2>\n<h2><\/h2>\n<h3>Grupo Registrado de Pruebas (RTP)<\/h3>\n<p>El Grupo Registrado de Control (RTP) es el grupo de deportistas de m\u00e1xima prioridad establecido por separado a nivel internacional por la FIP y a nivel nacional por las Organizaciones Nacionales Antidopaje.<\/p>\n<p>Los deportistas incluidos en el RTP de la FIP est\u00e1n sujetos a controles tanto durante la competici\u00f3n como fuera de ella como parte del plan de distribuci\u00f3n de controles de la FIP y, por lo tanto, deben proporcionar informaci\u00f3n sobre su paradero seg\u00fan lo dispuesto en el art\u00edculo 5.5 del C\u00f3digo (Informaci\u00f3n sobre el paradero de los deportistas) y en el Est\u00e1ndar Internacional de Controles e Investigaciones. 5.5 (Informaci\u00f3n sobre el paradero de los deportistas) y el <a href=\"https:\/\/www.wada-ama.org\/en\/resources\/world-anti-doping-code-and-international-standards\/international-standard-testing-and\" target=\"_blank\" rel=\"noopener\">Est\u00e1ndar Internacional para Controles e Investigaciones<\/a>.<\/p>\n<p>La FIP actualiza peri\u00f3dicamente la composici\u00f3n de la RTP. Los deportistas son incluidos en la RTP en funci\u00f3n de una serie de criterios y la Agencia Internacional de Controles les notifica su inclusi\u00f3n.<br \/>\nLa inclusi\u00f3n en el RTP se realiza a trav\u00e9s de la Carta de Inclusi\u00f3n de la FIP &#8211; este documento contiene toda la informaci\u00f3n clave, los plazos y las responsabilidades del atleta en lo que respecta a las obligaciones del RTP de los atletas.<\/p>\n<p>&nbsp;<\/p>\n<h3>Requisitos de localizaci\u00f3n<\/h3>\n<p>Los deportistas RTP deben proporcionar regularmente informaci\u00f3n sobre su paradero y sus datos de contacto en <a href=\"https:\/\/adams.wada-ama.org\/adams\/login.do?prompt=true&amp;nopopup=true\" target=\"_blank\" rel=\"noopener\">ADAMS<\/a>, el sistema en l\u00ednea de administraci\u00f3n y gesti\u00f3n antidopaje de la AMA. Esta informaci\u00f3n ayuda a las organizaciones antidopaje con jurisdicci\u00f3n de control sobre el deportista a planificar los controles fuera de competici\u00f3n.<\/p>\n<p>Los requisitos de paradero incluyen, entre otros, los siguientes:<\/p>\n<ul>\n<li>Una direcci\u00f3n postal y un n\u00famero de tel\u00e9fono actualizados<\/li>\n<li>Una franja horaria diaria espec\u00edfica de 60 minutos entre las 5.00 y las 23.00 horas en la que el deportista est\u00e9 disponible y accesible para someterse a las pruebas.<\/li>\n<li>Alojamiento del deportista para cada d\u00eda<\/li>\n<li>Informaci\u00f3n sobre el entrenamiento y las actividades regulares que forman parte de la rutina habitual del deportista (entrenamiento en el gimnasio, sesiones regulares de fisioterapia, escuela, trabajo, etc.)<\/li>\n<li>Calendario de competiciones, entrenamientos y viajes<\/li>\n<li>Cualquier informaci\u00f3n adicional pertinente que ayude al Agente de Control Antidopaje a localizar al deportista (por ejemplo, n\u00famero de timbre o indicaciones para llegar a un lugar remoto).<\/li>\n<\/ul>\n<p>La presentaci\u00f3n tard\u00eda, inexacta o incompleta de informaci\u00f3n sobre el paradero puede dar lugar a un Incumplimiento de Presentaci\u00f3n.<\/p>\n<p>Un deportista puede ser sometido a un control fallido si no est\u00e1 disponible para someterse a un control durante la franja horaria de 60 minutos indicada en ADAMS. Tres faltas de localizaci\u00f3n (cualquier combinaci\u00f3n de una falta de registro y una ausencia a un control) que se produzcan en un periodo de 12 meses dar\u00e1n lugar a una infracci\u00f3n de las normas antidopaje y a una posible suspensi\u00f3n de dos a\u00f1os de la actividad deportiva.<\/p>\n<p>It is important to note that under the Principle of Strict Liability, the athlete remains responsible for the information submitted, even if they have delegated this task to a member of their support team.<br \/>\nBelow are some helpful whereabouts tips for athletes:<\/p>\n<ul>\n<li>Establecer un recordatorio en el calendario de las fechas\/plazos clave para presentar la informaci\u00f3n trimestral sobre el paradero.<\/li>\n<li>Programar una alarma para el inicio de la franja horaria de 60 minutos<\/li>\n<li>Sea lo m\u00e1s espec\u00edfico posible al enviar la informaci\u00f3n sobre su paradero<\/li>\n<li>En caso de duda, solicite ayuda a trav\u00e9s de <a href=\"mailto:fip.padel@ita.sport\">fip.padel@ita.sport<\/a> o del <a href=\"https:\/\/adams-help.wada-ama.org\/hc\/en-us\" target=\"_blank\" rel=\"noopener\">Centro de Ayuda ADAMS<\/a>.<\/li>\n<li>Utilice la <a href=\"https:\/\/www.wada-ama.org\/en\/athlete-central?gclid=EAIaIQobChMIpoC59aec8QIVSuN3Ch2q-QDtEAAYASAAEgL4n_D_BwE\" target=\"_blank\" rel=\"noopener\">aplicaci\u00f3n Athlete Central<\/a> para enviar su informaci\u00f3n de localizaci\u00f3n desde un dispositivo m\u00f3vil.<\/li>\n<\/ul>\n<p>&nbsp;<\/p>\n<h3>Jubilaci\u00f3n y vuelta a la competici\u00f3n<\/h3>\n<p>Todos los deportistas de nivel internacional que decidan retirarse de la competici\u00f3n deben informar a su NADO, a la ITA y a la FIP por correo electr\u00f3nico. En el caso de los deportistas RTP\/TP, tan pronto como se confirme oficialmente la retirada a su NADO, a la ITA y a la FIP, el deportista ser\u00e1 retirado inmediatamente del RTP. La ITA enviar\u00e1 una comunicaci\u00f3n escrita para acusar recibo de esta informaci\u00f3n.<\/p>\n<p>&nbsp;<\/p>\n<p>Si el atleta desea regresar a la competici\u00f3n, no podr\u00e1 competir en eventos internacionales o nacionales hasta que lo haya notificado por escrito a la FIP con seis meses de antelaci\u00f3n (Art. 5.6 del C\u00f3digo: Atletas retirados que regresan a la competici\u00f3n).<\/p>\n","protected":false},"excerpt":{"rendered":"<p>Requisitos del grupo de pruebas registrado Grupo Registrado de Pruebas (RTP) El Grupo Registrado de Control (RTP) es el grupo de deportistas de m\u00e1xima prioridad establecido por separado a nivel internacional por la FIP y a nivel nacional por las Organizaciones Nacionales Antidopaje. Los deportistas incluidos en el RTP de la FIP est\u00e1n sujetos a [&hellip;]<\/p>\n","protected":false},"author":16,"featured_media":0,"parent":241053,"menu_order":0,"comment_status":"closed","ping_status":"closed","template":"tmp-cleanSport.php","meta":{"_acf_changed":false,"footnotes":""},"class_list":["post-241075","page","type-page","status-publish","hentry"],"acf":[],"_links":{"self":[{"href":"https:\/\/www.padelfip.com\/es\/wp-json\/wp\/v2\/pages\/241075","targetHints":{"allow":["GET"]}}],"collection":[{"href":"https:\/\/www.padelfip.com\/es\/wp-json\/wp\/v2\/pages"}],"about":[{"href":"https:\/\/www.padelfip.com\/es\/wp-json\/wp\/v2\/types\/page"}],"author":[{"embeddable":true,"href":"https:\/\/www.padelfip.com\/es\/wp-json\/wp\/v2\/users\/16"}],"replies":[{"embeddable":true,"href":"https:\/\/www.padelfip.com\/es\/wp-json\/wp\/v2\/comments?post=241075"}],"version-history":[{"count":0,"href":"https:\/\/www.padelfip.com\/es\/wp-json\/wp\/v2\/pages\/241075\/revisions"}],"up":[{"embeddable":true,"href":"https:\/\/www.padelfip.com\/es\/wp-json\/wp\/v2\/pages\/241053"}],"wp:attachment":[{"href":"https:\/\/www.padelfip.com\/es\/wp-json\/wp\/v2\/media?parent=241075"}],"curies":[{"name":"wp","href":"https:\/\/api.w.org\/{rel}","templated":true}]}}