{"id":241077,"date":"2025-04-15T09:50:18","date_gmt":"2025-04-15T07:50:18","guid":{"rendered":"https:\/\/www.padelfip.com\/deporte-limpio\/revelacion-de-actividades-sospechosas\/"},"modified":"2025-04-17T10:51:24","modified_gmt":"2025-04-17T08:51:24","slug":"revelacion-de-actividades-sospechosas","status":"publish","type":"page","link":"https:\/\/www.padelfip.com\/es\/deporte-limpio\/revelacion-de-actividades-sospechosas\/","title":{"rendered":"Revelaci\u00f3n de actividades sospechosas"},"content":{"rendered":"<h2>Denunciar el dopaje<\/h2>\n<p>&nbsp;<\/p>\n<p>Para informar de algo sospechoso relacionado con el dopaje en el deporte, puede compartir su informaci\u00f3n con los expertos de la Agencia Internacional de Pruebas &#8211; confidencial, segura y an\u00f3nima, a trav\u00e9s de la plataforma REVEAL aqu\u00ed<a href=\"https:\/\/ita.sport\/reveal\/\" target=\"_blank\" rel=\"noopener\"> https:\/\/ita.sport\/reveal\/<\/a><\/p>\n<p>&nbsp;<\/p>\n<p>REVEAL es una plataforma en la que puedes compartir informaci\u00f3n sobre sospechas de dopaje de forma totalmente an\u00f3nima y segura, gestionada de forma independiente por la Agencia Internacional de Controles (ITA). Adem\u00e1s, REVEAL incluye la posibilidad de facilitar informaci\u00f3n sobre el dopaje en el deporte por WhatsApp y por correo electr\u00f3nico seguro. Cada dato es importante en la lucha por un deporte limpio, y a trav\u00e9s de REVEAL usted puede apoyar la investigaci\u00f3n de infracciones de las normas antidopaje o de conductas delictivas.<\/p>\n<p><a href=\"mailto:REVEAL@ita.sport\">REVEAL@ita.sport<\/a>.<\/p>\n<p>&nbsp;<\/p>\n<p><a href=\"https:\/\/www.padelfip.com\/wp-content\/uploads\/2025\/04\/ITA_REVEAL-Onepager-scaled-1.jpg\"><img loading=\"lazy\" decoding=\"async\" class=\"aligncenter wp-image-241002 size-full\" src=\"https:\/\/www.padelfip.com\/wp-content\/uploads\/2025\/04\/ITA_REVEAL-Onepager-scaled-1.jpg\" alt=\"\" width=\"2560\" height=\"1440\" srcset=\"https:\/\/www.padelfip.com\/wp-content\/uploads\/2025\/04\/ITA_REVEAL-Onepager-scaled-1.jpg 2560w, https:\/\/www.padelfip.com\/wp-content\/uploads\/2025\/04\/ITA_REVEAL-Onepager-scaled-1-300x169.jpg 300w, https:\/\/www.padelfip.com\/wp-content\/uploads\/2025\/04\/ITA_REVEAL-Onepager-scaled-1-1024x576.jpg 1024w, https:\/\/www.padelfip.com\/wp-content\/uploads\/2025\/04\/ITA_REVEAL-Onepager-scaled-1-768x432.jpg 768w, https:\/\/www.padelfip.com\/wp-content\/uploads\/2025\/04\/ITA_REVEAL-Onepager-scaled-1-1536x864.jpg 1536w, https:\/\/www.padelfip.com\/wp-content\/uploads\/2025\/04\/ITA_REVEAL-Onepager-scaled-1-2048x1152.jpg 2048w\" sizes=\"auto, (max-width: 2560px) 100vw, 2560px\" \/><\/a><\/p>\n","protected":false},"excerpt":{"rendered":"<p>Denunciar el dopaje &nbsp; Para informar de algo sospechoso relacionado con el dopaje en el deporte, puede compartir su informaci\u00f3n con los expertos de la Agencia Internacional de Pruebas &#8211; confidencial, segura y an\u00f3nima, a trav\u00e9s de la plataforma REVEAL aqu\u00ed https:\/\/ita.sport\/reveal\/ &nbsp; REVEAL es una plataforma en la que puedes compartir informaci\u00f3n sobre sospechas [&hellip;]<\/p>\n","protected":false},"author":16,"featured_media":0,"parent":241053,"menu_order":0,"comment_status":"closed","ping_status":"closed","template":"tmp-cleanSport.php","meta":{"_acf_changed":false,"footnotes":""},"class_list":["post-241077","page","type-page","status-publish","hentry"],"acf":[],"_links":{"self":[{"href":"https:\/\/www.padelfip.com\/es\/wp-json\/wp\/v2\/pages\/241077","targetHints":{"allow":["GET"]}}],"collection":[{"href":"https:\/\/www.padelfip.com\/es\/wp-json\/wp\/v2\/pages"}],"about":[{"href":"https:\/\/www.padelfip.com\/es\/wp-json\/wp\/v2\/types\/page"}],"author":[{"embeddable":true,"href":"https:\/\/www.padelfip.com\/es\/wp-json\/wp\/v2\/users\/16"}],"replies":[{"embeddable":true,"href":"https:\/\/www.padelfip.com\/es\/wp-json\/wp\/v2\/comments?post=241077"}],"version-history":[{"count":0,"href":"https:\/\/www.padelfip.com\/es\/wp-json\/wp\/v2\/pages\/241077\/revisions"}],"up":[{"embeddable":true,"href":"https:\/\/www.padelfip.com\/es\/wp-json\/wp\/v2\/pages\/241053"}],"wp:attachment":[{"href":"https:\/\/www.padelfip.com\/es\/wp-json\/wp\/v2\/media?parent=241077"}],"curies":[{"name":"wp","href":"https:\/\/api.w.org\/{rel}","templated":true}]}}