{"id":241079,"date":"2025-04-14T16:50:18","date_gmt":"2025-04-14T14:50:18","guid":{"rendered":"https:\/\/www.padelfip.com\/deporte-limpio\/derechos-y-responsabilidades-en-virtud-del-codigo\/"},"modified":"2025-04-17T11:00:42","modified_gmt":"2025-04-17T09:00:42","slug":"derechos-y-responsabilidades-en-virtud-del-codigo","status":"publish","type":"page","link":"https:\/\/www.padelfip.com\/es\/deporte-limpio\/derechos-y-responsabilidades-en-virtud-del-codigo\/","title":{"rendered":"Derechos y responsabilidades en virtud del C\u00f3digo"},"content":{"rendered":"<h2>Derechos y responsabilidades<\/h2>\n<p>&nbsp;<\/p>\n<p>Los deportistas, el personal de apoyo a los deportistas y otros grupos sujetos a las normas antidopaje tienen derechos y responsabilidades en virtud del <a href=\"https:\/\/www.wada-ama.org\/en\/resources\/world-anti-doping-code-and-international-standards\/world-anti-doping-code\" target=\"_blank\" rel=\"noopener\">C\u00f3digo Mundial Antidopaje (C\u00f3digo)<\/a>. La tercera parte del C\u00f3digo describe estos derechos y responsabilidades para cada parte interesada en el sistema antidopaje.<\/p>\n<p>&nbsp;<\/p>\n<p>Es especialmente importante que los deportistas y el personal de apoyo a los deportistas conozcan y comprendan el Art. 21 del C\u00f3digo (Funciones y responsabilidades adicionales de los deportistas y otras personas). 21 (Funciones y responsabilidades adicionales de los deportistas y otras personas), en particular el Art. 21.1 (Funciones y responsabilidades de los deportistas), Art. 21.2 (Funciones y responsabilidades del personal de apoyo a los deportistas) y Art. 21.3 (Funciones y responsabilidades de otras personas sujetas al C\u00f3digo).<\/p>\n<p>&nbsp;<\/p>\n<h3>Derechos de los deportistas<\/h3>\n<p>&nbsp;<\/p>\n<p>Esta secci\u00f3n presenta un resumen de los principales derechos de los deportistas. Es importante que tanto los deportistas como el personal de apoyo a los deportistas los conozcan y comprendan.<\/p>\n<p>Garantizar que los deportistas son conscientes de sus derechos y que \u00e9stos se respetan es vital para el \u00e9xito del deporte limpio. Los derechos de los deportistas est\u00e1n recogidos en todo el C\u00f3digo y en las normas internacionales:<\/p>\n<ul>\n<li>Igualdad de oportunidades<\/li>\n<li>Programas de pruebas equitativos y justos<\/li>\n<li>Tratamiento m\u00e9dico y protecci\u00f3n de los derechos sanitarios<\/li>\n<li>Derecho a la justicia<\/li>\n<li>Derecho a la rendici\u00f3n de cuentas<\/li>\n<li>Derechos de los denunciantes<\/li>\n<li>Derecho a la educaci\u00f3n<\/li>\n<li>Derecho a la protecci\u00f3n de datos<\/li>\n<li>Derecho a indemnizaci\u00f3n<\/li>\n<li>Derechos de las personas protegidas<\/li>\n<li>Derechos durante un proceso de toma de muestras<\/li>\n<li>Derecho al an\u00e1lisis de la muestra B<\/li>\n<li>Otros derechos y libertades no afectados<\/li>\n<li>Solicitud y legitimaci\u00f3n<\/li>\n<\/ul>\n<p>La Ley de Derechos Antidopaje de los Deportistas establece estos derechos y responsabilidades. Para m\u00e1s informaci\u00f3n, puede consultar directamente el documento aqu\u00ed: Ley sobre los derechos <a href=\"https:\/\/www.wada-ama.org\/en\/resources\/athletes-anti-doping-rights-act\" target=\"_blank\" rel=\"noopener\">antidopaje de los deportistas<\/a>.<\/p>\n<p>&nbsp;<\/p>\n<h3>Responsabilidades de los deportistas<\/h3>\n<p>&nbsp;<\/p>\n<p>Es igualmente importante que los deportistas sean conscientes de sus responsabilidades antidopaje. El personal de apoyo a los deportistas tambi\u00e9n debe familiarizarse con ellas para poder apoyar a sus deportistas. Entre ellas se incluyen:<\/p>\n<ul>\n<li>Conocer y cumplir la FIP, <a href=\"https:\/\/www.padelfip.com\/wp-content\/uploads\/2025\/03\/IPF-Anti-Doping-Rules.pdf\" target=\"_blank\" rel=\"noopener\">sus normas antidopaje<\/a> y cualquier otra norma antidopaje aplicable (por ejemplo, las de las organizaciones responsables de grandes acontecimientos deportivos).<\/li>\n<li>Responsabilizarse plenamente de lo que se ingiere: asegurarse de que no entra en el organismo ninguna sustancia prohibida y de que no se utilizan m\u00e9todos prohibidos.<\/li>\n<li>Informar al personal m\u00e9dico de sus obligaciones como deportista<\/li>\n<li>Cooperaci\u00f3n con la FIP y otras organizaciones antidopaje (AMA, ATI, ONAD)<\/li>\n<li>Estar disponible para la recogida de muestras<\/li>\n<li>No trabajar con entrenadores, preparadores f\u00edsicos, m\u00e9dicos u otro personal de apoyo a los deportistas que sean inelegibles a causa de una ADRV, o que hayan sido condenados penalmente o sancionados disciplinariamente en relaci\u00f3n con el dopaje (v\u00e9ase la <a href=\"https:\/\/www.wada-ama.org\/en\/resources\/prohibited-association-list\" target=\"_blank\" rel=\"noopener\">Lista de Asociaciones Prohibidas de la AMA<\/a>).<\/li>\n<\/ul>\n<p>Para m\u00e1s detalles sobre estas funciones y responsabilidades, v\u00e9ase el art\u00edculo 21.1 del <a href=\"https:\/\/www.wada-ama.org\/en\/resources\/world-anti-doping-code-and-international-standards\/world-anti-doping-code\" target=\"_blank\" rel=\"noopener\">C\u00f3digo<\/a>. 21.1.<\/p>\n<p>Los deportistas tambi\u00e9n tienen derechos y responsabilidades espec\u00edficos durante el proceso de control antidopaje.<\/p>\n<p>&nbsp;<\/p>\n<h3>Derechos y responsabilidades del personal de apoyo a los deportistas y otros grupos<\/h3>\n<p>&nbsp;<\/p>\n<p>Al igual que los deportistas, el personal de apoyo a los deportistas y otras personas bajo la jurisdicci\u00f3n de la FIP tambi\u00e9n tienen derechos y responsabilidades seg\u00fan el C\u00f3digo. Entre ellos se incluyen:<\/p>\n<ul>\n<li>Conocer las pol\u00edticas y normas antidopaje que le son aplicables a usted o al deportista o deportistas a los que apoya.<\/li>\n<li>C\u00f3mo influir en los valores y comportamientos de los deportistas para fomentar actitudes antidopaje<\/li>\n<li>Cumplir todas las pol\u00edticas y normas antidopaje que le sean aplicables a usted y al deportista o deportistas a los que apoya.<\/li>\n<li>Cooperar con el programa de control de atletas<\/li>\n<li>Revelar a la FIP y a su ONAD si ha cometido alguna infracci\u00f3n de las normas antidopaje (ADRV) en los diez a\u00f1os anteriores.<\/li>\n<li>Cooperar con las organizaciones antidopaje que investigan las ADRV<\/li>\n<\/ul>\n<p>En los art\u00edculos 21.2 y 21.3 del C\u00f3digo figuran m\u00e1s detalles sobre estas funciones y responsabilidades. <a href=\"https:\/\/www.wada-ama.org\/en\/resources\/world-anti-doping-code-and-international-standards\/world-anti-doping-code\" target=\"_blank\" rel=\"noopener\">C\u00f3digo<\/a> 21.2 y 21.3.<\/p>\n","protected":false},"excerpt":{"rendered":"<p>Derechos y responsabilidades &nbsp; Los deportistas, el personal de apoyo a los deportistas y otros grupos sujetos a las normas antidopaje tienen derechos y responsabilidades en virtud del C\u00f3digo Mundial Antidopaje (C\u00f3digo). La tercera parte del C\u00f3digo describe estos derechos y responsabilidades para cada parte interesada en el sistema antidopaje. &nbsp; Es especialmente importante que [&hellip;]<\/p>\n","protected":false},"author":16,"featured_media":0,"parent":241053,"menu_order":0,"comment_status":"closed","ping_status":"closed","template":"tmp-cleanSport.php","meta":{"_acf_changed":false,"footnotes":""},"class_list":["post-241079","page","type-page","status-publish","hentry"],"acf":[],"_links":{"self":[{"href":"https:\/\/www.padelfip.com\/es\/wp-json\/wp\/v2\/pages\/241079","targetHints":{"allow":["GET"]}}],"collection":[{"href":"https:\/\/www.padelfip.com\/es\/wp-json\/wp\/v2\/pages"}],"about":[{"href":"https:\/\/www.padelfip.com\/es\/wp-json\/wp\/v2\/types\/page"}],"author":[{"embeddable":true,"href":"https:\/\/www.padelfip.com\/es\/wp-json\/wp\/v2\/users\/16"}],"replies":[{"embeddable":true,"href":"https:\/\/www.padelfip.com\/es\/wp-json\/wp\/v2\/comments?post=241079"}],"version-history":[{"count":0,"href":"https:\/\/www.padelfip.com\/es\/wp-json\/wp\/v2\/pages\/241079\/revisions"}],"up":[{"embeddable":true,"href":"https:\/\/www.padelfip.com\/es\/wp-json\/wp\/v2\/pages\/241053"}],"wp:attachment":[{"href":"https:\/\/www.padelfip.com\/es\/wp-json\/wp\/v2\/media?parent=241079"}],"curies":[{"name":"wp","href":"https:\/\/api.w.org\/{rel}","templated":true}]}}