{"id":241081,"date":"2025-04-14T17:33:21","date_gmt":"2025-04-14T15:33:21","guid":{"rendered":"https:\/\/www.padelfip.com\/deporte-limpio\/sustancias-y-metodos-de-la-lista-prohibida\/"},"modified":"2025-04-17T11:30:35","modified_gmt":"2025-04-17T09:30:35","slug":"sustancias-y-metodos-de-la-lista-prohibida","status":"publish","type":"page","link":"https:\/\/www.padelfip.com\/es\/deporte-limpio\/sustancias-y-metodos-de-la-lista-prohibida\/","title":{"rendered":"Sustancias y m\u00e9todos de la lista prohibida"},"content":{"rendered":"<h2>Lista prohibida<\/h2>\n<p>&nbsp;<\/p>\n<p>La Agencia Mundial Antidopaje (AMA) elabora una lista de sustancias y m\u00e9todos prohibidos en el deporte en forma de <a href=\"https:\/\/www.wada-ama.org\/en\/prohibited-list\" target=\"_blank\" rel=\"noopener\">Lista de Prohibiciones<\/a>. Se actualiza al menos una vez al a\u00f1o y la nueva lista entra en vigor el 1 de enero de cada a\u00f1o.<\/p>\n<p>Es importante que los deportistas y el personal de apoyo a los deportistas conozcan la lista de prohibiciones y sepan c\u00f3mo comprobar si los medicamentos est\u00e1n prohibidos en el deporte.<\/p>\n<p>Una sustancia o m\u00e9todo puede a\u00f1adirse a la Lista de prohibiciones si cumple al menos dos de los tres criterios siguientes:<\/p>\n<ul>\n<li>Tiene el potencial de aumentar o mejorar el rendimiento deportivo.<\/li>\n<li>El uso de la sustancia o m\u00e9todo representa un riesgo real o potencial para la salud del deportista.<\/li>\n<li>El uso de la sustancia o m\u00e9todo viola el esp\u00edritu del deporte.<\/li>\n<\/ul>\n<p>La Lista de prohibiciones incluye sustancias y m\u00e9todos que se clasifican en tres grupos:<\/p>\n<ul>\n<li>Sustancias y m\u00e9todos prohibidos en todo momento<\/li>\n<li>Sustancias y m\u00e9todos prohibidos en competici\u00f3n<\/li>\n<li>Sustancias prohibidas en determinados deportes<\/li>\n<\/ul>\n<p>Seg\u00fan el C\u00f3digo, <em>el periodo durante la competici\u00f3n es el que comienza a las 23:59 horas del d\u00eda anterior a una competici\u00f3n en la que el deportista tiene previsto participar hasta el final de dicha competici\u00f3n y el proceso de recogida de muestras relacionado con dicha competici\u00f3n<\/em>.<\/p>\n<p>&nbsp;<\/p>\n<p>Es muy importante comprender el periodo durante la competici\u00f3n cuando se trata de sustancias prohibidas en competici\u00f3n. Cuando una sustancia est\u00e1 prohibida en competici\u00f3n, debe abandonar el organismo del deportista en el momento en que comience dicha competici\u00f3n. Esto no significa que el deportista deba dejar de tomar la sustancia antes de que comience el periodo de competici\u00f3n. Cada sustancia tarda un tiempo diferente en abandonar el organismo, por lo que los deportistas deben ser extremadamente cuidadosos para evitar dar positivo en un control por haber tomado una sustancia prohibida durante la competici\u00f3n.<br \/>\nLa versi\u00f3n m\u00e1s actualizada de la Lista de sustancias y m\u00e9todos prohibidos puede consultarse <a href=\"https:\/\/www.wada-ama.org\/en\/prohibited-list\" target=\"_blank\" rel=\"noopener\">aqu\u00ed<\/a>.<\/p>\n","protected":false},"excerpt":{"rendered":"<p>Lista prohibida &nbsp; La Agencia Mundial Antidopaje (AMA) elabora una lista de sustancias y m\u00e9todos prohibidos en el deporte en forma de Lista de Prohibiciones. Se actualiza al menos una vez al a\u00f1o y la nueva lista entra en vigor el 1 de enero de cada a\u00f1o. Es importante que los deportistas y el personal [&hellip;]<\/p>\n","protected":false},"author":16,"featured_media":0,"parent":241053,"menu_order":0,"comment_status":"closed","ping_status":"closed","template":"tmp-cleanSport.php","meta":{"_acf_changed":false,"footnotes":""},"class_list":["post-241081","page","type-page","status-publish","hentry"],"acf":[],"_links":{"self":[{"href":"https:\/\/www.padelfip.com\/es\/wp-json\/wp\/v2\/pages\/241081","targetHints":{"allow":["GET"]}}],"collection":[{"href":"https:\/\/www.padelfip.com\/es\/wp-json\/wp\/v2\/pages"}],"about":[{"href":"https:\/\/www.padelfip.com\/es\/wp-json\/wp\/v2\/types\/page"}],"author":[{"embeddable":true,"href":"https:\/\/www.padelfip.com\/es\/wp-json\/wp\/v2\/users\/16"}],"replies":[{"embeddable":true,"href":"https:\/\/www.padelfip.com\/es\/wp-json\/wp\/v2\/comments?post=241081"}],"version-history":[{"count":0,"href":"https:\/\/www.padelfip.com\/es\/wp-json\/wp\/v2\/pages\/241081\/revisions"}],"up":[{"embeddable":true,"href":"https:\/\/www.padelfip.com\/es\/wp-json\/wp\/v2\/pages\/241053"}],"wp:attachment":[{"href":"https:\/\/www.padelfip.com\/es\/wp-json\/wp\/v2\/media?parent=241081"}],"curies":[{"name":"wp","href":"https:\/\/api.w.org\/{rel}","templated":true}]}}