{"id":241084,"date":"2025-04-15T09:40:49","date_gmt":"2025-04-15T07:40:49","guid":{"rendered":"https:\/\/www.padelfip.com\/deporte-limpio\/procedimientos-de-analisis-orina-sangre-y-el-abp\/"},"modified":"2025-04-17T11:39:52","modified_gmt":"2025-04-17T09:39:52","slug":"procedimientos-de-analisis-orina-sangre-y-el-abp","status":"publish","type":"page","link":"https:\/\/www.padelfip.com\/es\/deporte-limpio\/procedimientos-de-analisis-orina-sangre-y-el-abp\/","title":{"rendered":"Procedimientos de an\u00e1lisis &#8211; orina, sangre y el abp"},"content":{"rendered":"<h2>Procedimientos de an\u00e1lisis &#8211; orina, sangre &amp; el abp<\/h2>\n<h3><\/h3>\n<h3>Introducci\u00f3n al control del dopaje<\/h3>\n<p>El objetivo de los controles es detectar y disuadir el dopaje entre los deportistas y proteger a los deportistas limpios. Todo deportista sometido a los controles de la FIP puede ser sometido a ellos en cualquier momento, sin previo aviso, durante la competici\u00f3n o fuera de ella, y se le puede pedir que proporcione una muestra de orina o de sangre.<\/p>\n<p>&nbsp;<\/p>\n<p>Los deportistas pueden ser sometidos a controles por la FIP, las ONAD o los organizadores de grandes acontecimientos deportivos. Algunas Federaciones Internacionales y Organizadores de Grandes Eventos delegan parte o la totalidad de sus programas antidopaje en organizaciones independientes como la Agencia Internacional de Controles (ITA). Para m\u00e1s informaci\u00f3n sobre la colaboraci\u00f3n de la FIP con la ITA, visite <a href=\"https:\/\/ita.sport\/partners\" target=\"_blank\" rel=\"noopener\">https:\/\/ita.sport\/partners<\/a>.<\/p>\n<p>&nbsp;<\/p>\n<h3>Qu\u00e9 esperar durante el proceso de control antidopaje<\/h3>\n<p>El proceso de control antidopaje est\u00e1 claramente definido por la <a href=\"https:\/\/www.wada-ama.org\/en\" target=\"_blank\" rel=\"noopener\">Agencia Mundial Antidopaje<\/a>. Esto significa que, independientemente de d\u00f3nde y cu\u00e1ndo se someta a un deportista a un control, el proceso debe seguir siendo el mismo.<\/p>\n<p>Las etapas clave del proceso de control antidopaje se enumeran en este <a href=\"https:\/\/ita.sport\/resource\/ita-real-sport-lab\/\" target=\"_blank\" rel=\"noopener\">recurso sobre control antidopaje<\/a> elaborado por la Agencia Internacional de Pruebas (tambi\u00e9n disponible en \u00e1rabe (\u0639\u0631\u0628\u0649), chino (\u4e2d\u6587), franc\u00e9s (fran\u00e7ais), alem\u00e1n (deutsche), italiano (italiano), japon\u00e9s (\u65e5\u672c\u8a9e), coreano (\ud55c\uad6d\uc5b4), portugu\u00e9s (portugu\u00eas), ruso (\u0440\u0443\u0441\u0441\u043a\u0438\u0439) y espa\u00f1ol (espa\u00f1ol).<\/p>\n<p>Para saber m\u00e1s sobre el proceso de control antidopaje, vea este <a href=\"https:\/\/ita.sport\/news\/ita-webinar-the-doping-control-process\/\" target=\"_blank\" rel=\"noopener\">seminario web de la ITA<\/a> sobre la recogida de muestras de orina y sangre.<\/p>\n<p>&nbsp;<\/p>\n<h3>Derechos y responsabilidades durante la recogida de muestras<\/h3>\n<p>Los deportistas tienen una serie de derechos y responsabilidades durante la recogida de muestras.<\/p>\n<ul>\n<li>Los derechos del deportista durante la toma de muestras son<\/li>\n<li>Que un representante les acompa\u00f1e durante el proceso<\/li>\n<li>Solicitar un int\u00e9rprete, si lo hay<\/li>\n<li>Pedir la identificaci\u00f3n del acompa\u00f1ante\/responsable del control antidopaje<\/li>\n<li>Pregunte cualquier duda<\/li>\n<li>Solicitar un aplazamiento por un motivo v\u00e1lido (por ejemplo, asistir a una ceremonia de victoria, recibir la atenci\u00f3n m\u00e9dica necesaria, calentar o finalizar una sesi\u00f3n de entrenamiento).<\/li>\n<li>Solicitar asistencia especial o modificaciones del proceso<\/li>\n<li>Registrar cualquier comentario o preocupaci\u00f3n en el formulario de control antidopaje<\/li>\n<\/ul>\n<p>Las responsabilidades del deportista durante la recogida de muestras son:<\/p>\n<ul>\n<li>Pres\u00e9ntese inmediatamente a las pruebas si es seleccionado<\/li>\n<li>Presentar un documento de identidad v\u00e1lido (normalmente un documento oficial)<\/li>\n<li>Permanecer a la vista directa del oficial de control antidopaje o del acompa\u00f1ante.<\/li>\n<li>Cumplir el procedimiento de recaudaci\u00f3n<\/li>\n<\/ul>\n<p>&nbsp;<\/p>\n<h3>Pasaporte biol\u00f3gico del deportista (ABP)<\/h3>\n<p>El <a href=\"https:\/\/www.wada-ama.org\/en\/athlete-biological-passport\" target=\"_blank\" rel=\"noopener\">Pasaporte Biol\u00f3gico del Deportista<\/a> (ABP) se introdujo en 2009 y es un m\u00e9todo pilar en la detecci\u00f3n del dopaje. Se trata de un perfil electr\u00f3nico individual que controla determinadas variables biol\u00f3gicas del deportista que revelan indirectamente los efectos del dopaje. El ABP est\u00e1 integrado directamente en ADAMS.<\/p>\n<p>Si desea saber m\u00e1s sobre ABP, puede ver la grabaci\u00f3n de este <a href=\"https:\/\/ita.sport\/news\/ita-webinar-the-athlete-biological-passport-a-practical-guide\/\" target=\"_blank\" rel=\"noopener\">seminario web de la ITA<\/a>.<\/p>\n","protected":false},"excerpt":{"rendered":"<p>Procedimientos de an\u00e1lisis &#8211; orina, sangre &amp; el abp Introducci\u00f3n al control del dopaje El objetivo de los controles es detectar y disuadir el dopaje entre los deportistas y proteger a los deportistas limpios. Todo deportista sometido a los controles de la FIP puede ser sometido a ellos en cualquier momento, sin previo aviso, durante [&hellip;]<\/p>\n","protected":false},"author":16,"featured_media":0,"parent":241053,"menu_order":0,"comment_status":"closed","ping_status":"closed","template":"tmp-cleanSport.php","meta":{"_acf_changed":false,"footnotes":""},"class_list":["post-241084","page","type-page","status-publish","hentry"],"acf":[],"_links":{"self":[{"href":"https:\/\/www.padelfip.com\/es\/wp-json\/wp\/v2\/pages\/241084","targetHints":{"allow":["GET"]}}],"collection":[{"href":"https:\/\/www.padelfip.com\/es\/wp-json\/wp\/v2\/pages"}],"about":[{"href":"https:\/\/www.padelfip.com\/es\/wp-json\/wp\/v2\/types\/page"}],"author":[{"embeddable":true,"href":"https:\/\/www.padelfip.com\/es\/wp-json\/wp\/v2\/users\/16"}],"replies":[{"embeddable":true,"href":"https:\/\/www.padelfip.com\/es\/wp-json\/wp\/v2\/comments?post=241084"}],"version-history":[{"count":0,"href":"https:\/\/www.padelfip.com\/es\/wp-json\/wp\/v2\/pages\/241084\/revisions"}],"up":[{"embeddable":true,"href":"https:\/\/www.padelfip.com\/es\/wp-json\/wp\/v2\/pages\/241053"}],"wp:attachment":[{"href":"https:\/\/www.padelfip.com\/es\/wp-json\/wp\/v2\/media?parent=241084"}],"curies":[{"name":"wp","href":"https:\/\/api.w.org\/{rel}","templated":true}]}}