{"id":241086,"date":"2025-04-14T16:38:58","date_gmt":"2025-04-14T14:38:58","guid":{"rendered":"https:\/\/www.padelfip.com\/deporte-limpio\/el-panorama-antidopaje\/"},"modified":"2025-04-17T11:43:47","modified_gmt":"2025-04-17T09:43:47","slug":"el-panorama-antidopaje","status":"publish","type":"page","link":"https:\/\/www.padelfip.com\/es\/deporte-limpio\/el-panorama-antidopaje\/","title":{"rendered":"El panorama antidopaje"},"content":{"rendered":"<h2>El panorama antidopaje<\/h2>\n<p>&nbsp;<\/p>\n<p>La <a href=\"https:\/\/www.wada-ama.org\/en\" target=\"_blank\" rel=\"noopener\">Agencia Mundial Antidopaje<\/a> (AMA) es el organismo internacional independiente responsable de armonizar las pol\u00edticas antidopaje en todos los deportes y todos los pa\u00edses. El <a href=\"https:\/\/www.wada-ama.org\/en\/resources\/world-anti-doping-code-and-international-standards\/world-anti-doping-code\" target=\"_blank\" rel=\"noopener\">C\u00f3digo Mundial Antidopaje<\/a> es el documento central que armoniza las pol\u00edticas, normas y reglamentos antidopaje en las organizaciones deportivas de todo el mundo. El C\u00f3digo se complementa con ocho <a href=\"https:\/\/www.wada-ama.org\/en\/what-we-do\/international-standards\" target=\"_blank\" rel=\"noopener\">Normas Internacionales<\/a>, incluida la <a href=\"https:\/\/www.wada-ama.org\/en\/prohibited-list\" target=\"_blank\" rel=\"noopener\">Lista de sustancias y m\u00e9todos prohibidos<\/a>, que se actualiza al menos una vez al a\u00f1o.<\/p>\n<p>&nbsp;<\/p>\n<p>La Federaci\u00f3n Internacional de P\u00e1del (FIP) tiene sus propias normas antidopaje y es importante que quienes participan en este deporte las conozcan. Estas normas pueden consultarse aqu\u00ed: <a href=\"https:\/\/www.padelfip.com\/wp-content\/uploads\/2025\/03\/IPF-Anti-Doping-Rules.pdf\" target=\"_blank\" rel=\"noopener\">https:\/\/www.padelfip.com\/wp-content\/uploads\/2025\/03\/IPF-Anti-Doping-Rules.pdf<\/a><\/p>\n<p>&nbsp;<\/p>\n<p>La FIP ha delegado la gesti\u00f3n de sus actividades de deporte limpio en la <a href=\"https:\/\/ita.sport\/\" target=\"_blank\" rel=\"noopener\">Agencia Internacional de Pruebas<\/a> (ITA), una organizaci\u00f3n independiente que gestiona los programas antidopaje en nombre de las federaciones internacionales y los organizadores de grandes acontecimientos deportivos.<\/p>\n<p>&nbsp;<\/p>\n<p>La AMA, la FIP, la ITA y las Organizaciones Nacionales Antidopaje (ONAD) coordinan todos los esfuerzos antidopaje dentro del deporte del p\u00e1del.<\/p>\n","protected":false},"excerpt":{"rendered":"<p>El panorama antidopaje &nbsp; La Agencia Mundial Antidopaje (AMA) es el organismo internacional independiente responsable de armonizar las pol\u00edticas antidopaje en todos los deportes y todos los pa\u00edses. El C\u00f3digo Mundial Antidopaje es el documento central que armoniza las pol\u00edticas, normas y reglamentos antidopaje en las organizaciones deportivas de todo el mundo. El C\u00f3digo se [&hellip;]<\/p>\n","protected":false},"author":16,"featured_media":0,"parent":241053,"menu_order":0,"comment_status":"closed","ping_status":"closed","template":"tmp-cleanSport.php","meta":{"_acf_changed":false,"footnotes":""},"class_list":["post-241086","page","type-page","status-publish","hentry"],"acf":[],"_links":{"self":[{"href":"https:\/\/www.padelfip.com\/es\/wp-json\/wp\/v2\/pages\/241086","targetHints":{"allow":["GET"]}}],"collection":[{"href":"https:\/\/www.padelfip.com\/es\/wp-json\/wp\/v2\/pages"}],"about":[{"href":"https:\/\/www.padelfip.com\/es\/wp-json\/wp\/v2\/types\/page"}],"author":[{"embeddable":true,"href":"https:\/\/www.padelfip.com\/es\/wp-json\/wp\/v2\/users\/16"}],"replies":[{"embeddable":true,"href":"https:\/\/www.padelfip.com\/es\/wp-json\/wp\/v2\/comments?post=241086"}],"version-history":[{"count":0,"href":"https:\/\/www.padelfip.com\/es\/wp-json\/wp\/v2\/pages\/241086\/revisions"}],"up":[{"embeddable":true,"href":"https:\/\/www.padelfip.com\/es\/wp-json\/wp\/v2\/pages\/241053"}],"wp:attachment":[{"href":"https:\/\/www.padelfip.com\/es\/wp-json\/wp\/v2\/media?parent=241086"}],"curies":[{"name":"wp","href":"https:\/\/api.w.org\/{rel}","templated":true}]}}