{"id":241091,"date":"2025-04-14T17:40:14","date_gmt":"2025-04-14T15:40:14","guid":{"rendered":"https:\/\/www.padelfip.com\/deporte-limpio\/uso-de-medicamentos-riesgos-del-uso-de-suplementos\/"},"modified":"2025-04-17T12:00:00","modified_gmt":"2025-04-17T10:00:00","slug":"uso-de-medicamentos-riesgos-del-uso-de-suplementos","status":"publish","type":"page","link":"https:\/\/www.padelfip.com\/es\/deporte-limpio\/uso-de-medicamentos-riesgos-del-uso-de-suplementos\/","title":{"rendered":"Uso de medicamentos &#038; riesgos del uso de suplementos"},"content":{"rendered":"<h2>Uso de medicamentos &amp; riesgos del uso de suplementos<\/h2>\n<h3>Control de los medicamentos<\/h3>\n<p>Recomendamos utilizar <a href=\"https:\/\/www.globaldro.com\/Home\" target=\"_blank\" rel=\"noopener\">Global Drug Reference Online<\/a> (Global DRO) para comprobar todos los medicamentos. Global DRO proporciona a los deportistas y al personal de apoyo a los deportistas informaci\u00f3n sobre el estado de prohibici\u00f3n de medicamentos espec\u00edficos basada en la Lista de Prohibiciones actual de la Agencia Mundial Antidopaje (AMA).<\/p>\n<p>&nbsp;<\/p>\n<p>A continuaci\u00f3n se ofrecen algunos consejos y trucos para ayudar a los deportistas y al personal de apoyo a los deportistas a navegar por la Lista de Prohibiciones y poder seleccionar medicamentos que sean seguros de tomar en el contexto del deporte:<\/p>\n<ul>\n<li>En la lista de sustancias y preparados prohibidos s\u00f3lo figuran los nombres de los ingredientes m\u00e9dicos, no las marcas comerciales.<\/li>\n<li>Compruebe siempre las restricciones de dosificaci\u00f3n, la v\u00eda de administraci\u00f3n del medicamento y cualquier limitaci\u00f3n para el uso del f\u00e1rmaco en funci\u00f3n del sexo.<\/li>\n<li>Compruebe tanto los medicamentos de venta libre como los recetados antes de utilizarlos<\/li>\n<li>Informe a su profesional m\u00e9dico de que usted es deportista y est\u00e1 sujeto a la normativa antidopaje<\/li>\n<li>Cada sustancia tarda un tiempo diferente en desaparecer del organismo: t\u00e9ngalo en cuenta cuando consuma sustancias prohibidas durante la competici\u00f3n.<\/li>\n<li>Tenga cuidado al sustituir una marca de medicamento por otra, ya que pueden contener ingredientes m\u00e9dicos diferentes.<\/li>\n<li>Tenga cuidado cuando viaje: la misma marca de un medicamento puede contener ingredientes m\u00e9dicos diferentes en el extranjero.<\/li>\n<li>Compruebe peri\u00f3dicamente las actualizaciones de la lista de prohibiciones<\/li>\n<\/ul>\n<p>&nbsp;<\/p>\n<h3>Riesgos de los suplementos<\/h3>\n<p>Se recomienda extremar las precauciones con respecto al uso de suplementos. Una serie de pruebas positivas se han atribuido al uso indebido de suplementos, a un etiquetado deficiente o a la contaminaci\u00f3n de los suplementos diet\u00e9ticos, y no existe ninguna garant\u00eda de que un suplemento est\u00e9 libre de sustancias prohibidas.<\/p>\n<p>&nbsp;<\/p>\n<p>Los riesgos de los suplementos incluyen:<\/p>\n<ul>\n<li>Las normas de fabricaci\u00f3n, que suelen ser menos estrictas que las de los medicamentos. Estas normas menos estrictas suelen dar lugar a la contaminaci\u00f3n de los suplementos con una sustancia prohibida no declarada;<\/li>\n<li>Productos falsos o de baja calidad que pueden contener sustancias prohibidas y ser perjudiciales para la salud;<\/li>\n<li>Etiquetado incorrecto de suplementos con ingredientes enumerados err\u00f3neamente y sustancias prohibidas no identificadas en la etiqueta del producto;<\/li>\n<li>Afirmaciones enga\u00f1osas y falsas de que un suplemento concreto est\u00e1 avalado por organizaciones antidopaje o que es \u00abseguro para los deportistas\u00bb. Las organizaciones antidopaje no certifican los suplementos.<\/li>\n<\/ul>\n<p>Todos los deportistas deben realizar una evaluaci\u00f3n de riesgos y beneficios si est\u00e1n considerando el uso de suplementos. El primer paso de dicha evaluaci\u00f3n es considerar si un enfoque basado en \u00abla alimentaci\u00f3n en primer lugar\u00bb satisface las necesidades del deportista. Siempre que sea posible, dicha evaluaci\u00f3n debe realizarse con el apoyo de un nutricionista certificado u otro profesional cualificado que est\u00e9 familiarizado con las normas antidopaje mundiales y de la FIP.<\/p>\n<p>&nbsp;<\/p>\n<h3>Comprobaci\u00f3n de suplementos<\/h3>\n<p>&nbsp;<\/p>\n<p>Si, despu\u00e9s de considerarlo detenidamente, un deportista decide utilizar suplementos, debe tomar las medidas necesarias para minimizar los riesgos. Esto incluye:<\/p>\n<ul>\n<li>Investigaci\u00f3n minuciosa sobre el tipo y la dosis del suplemento, preferiblemente con el asesoramiento de un nutricionista certificado u otro profesional cualificado que est\u00e9 familiarizado con las normas antidopaje mundiales y de la FIP.<\/li>\n<li>Seleccionar \u00fanicamente suplementos que hayan sido sometidos a pruebas por lotes por una empresa independiente. Entre las empresas que prueban los suplementos por lotes se encuentran <a href=\"https:\/\/sport.wetestyoutrust.com\/\" target=\"_blank\" rel=\"noopener\">Informed Sport<\/a>, <a href=\"https:\/\/www.nsfsport.com\/\" target=\"_blank\" rel=\"noopener\">Certified for Sport<\/a> o <a href=\"https:\/\/www.koelnerliste.com\/en\/\" target=\"_blank\" rel=\"noopener\">K\u00f6lner Liste<\/a>.<\/li>\n<\/ul>\n<p>Recuerde que ning\u00fan suplemento est\u00e1 exento de riesgos al 100%, pero los deportistas y el personal de apoyo a los deportistas pueden tomar ciertas medidas para minimizarlos.<\/p>\n<p>Para m\u00e1s informaci\u00f3n, vea este <a href=\"https:\/\/ita.sport\/news\/ita-webinar-nutrition-and-dietary-supplements\/\" target=\"_blank\" rel=\"noopener\">seminario web de la ATI<\/a> sobre complementos nutricionales.<\/p>\n","protected":false},"excerpt":{"rendered":"<p>Uso de medicamentos &amp; riesgos del uso de suplementos Control de los medicamentos Recomendamos utilizar Global Drug Reference Online (Global DRO) para comprobar todos los medicamentos. Global DRO proporciona a los deportistas y al personal de apoyo a los deportistas informaci\u00f3n sobre el estado de prohibici\u00f3n de medicamentos espec\u00edficos basada en la Lista de Prohibiciones [&hellip;]<\/p>\n","protected":false},"author":16,"featured_media":0,"parent":241053,"menu_order":0,"comment_status":"closed","ping_status":"closed","template":"tmp-cleanSport.php","meta":{"_acf_changed":false,"footnotes":""},"class_list":["post-241091","page","type-page","status-publish","hentry"],"acf":[],"_links":{"self":[{"href":"https:\/\/www.padelfip.com\/es\/wp-json\/wp\/v2\/pages\/241091","targetHints":{"allow":["GET"]}}],"collection":[{"href":"https:\/\/www.padelfip.com\/es\/wp-json\/wp\/v2\/pages"}],"about":[{"href":"https:\/\/www.padelfip.com\/es\/wp-json\/wp\/v2\/types\/page"}],"author":[{"embeddable":true,"href":"https:\/\/www.padelfip.com\/es\/wp-json\/wp\/v2\/users\/16"}],"replies":[{"embeddable":true,"href":"https:\/\/www.padelfip.com\/es\/wp-json\/wp\/v2\/comments?post=241091"}],"version-history":[{"count":0,"href":"https:\/\/www.padelfip.com\/es\/wp-json\/wp\/v2\/pages\/241091\/revisions"}],"up":[{"embeddable":true,"href":"https:\/\/www.padelfip.com\/es\/wp-json\/wp\/v2\/pages\/241053"}],"wp:attachment":[{"href":"https:\/\/www.padelfip.com\/es\/wp-json\/wp\/v2\/media?parent=241091"}],"curies":[{"name":"wp","href":"https:\/\/api.w.org\/{rel}","templated":true}]}}