{"id":241093,"date":"2025-04-14T18:16:59","date_gmt":"2025-04-14T16:16:59","guid":{"rendered":"https:\/\/www.padelfip.com\/deporte-limpio\/exenciones-para-uso-terapeutico-tues\/"},"modified":"2025-04-17T12:26:04","modified_gmt":"2025-04-17T10:26:04","slug":"exenciones-para-uso-terapeutico-tues","status":"publish","type":"page","link":"https:\/\/www.padelfip.com\/es\/deporte-limpio\/exenciones-para-uso-terapeutico-tues\/","title":{"rendered":"exenciones para uso terap\u00e9utico (tues)"},"content":{"rendered":"<h2>Proceso de autorizaci\u00f3n para uso terap\u00e9utico<\/h2>\n<h3>1. \u00bfQu\u00e9 es una Autorizaci\u00f3n para Uso Terap\u00e9utico (AUT)?<\/h3>\n<p>Los deportistas pueden padecer enfermedades o afecciones que les obliguen a tomar medicamentos o a someterse a procedimientos. Si el medicamento o m\u00e9todo que un deportista debe utilizar para tratar una enfermedad o afecci\u00f3n est\u00e1 prohibido seg\u00fan la <a href=\"https:\/\/www.wada-ama.org\/en\/resources\/world-anti-doping-code-and-international-standards\/prohibited-list\" target=\"_blank\" rel=\"noopener\">lista de sustancias y m\u00e9todos prohibidos<\/a> de la Agencia Mundial Antidopaje (AMA), una AUT puede autorizar a ese deportista a utilizar esa sustancia o m\u00e9todo mientras compite sin invocar una infracci\u00f3n de las normas antidopaje (ADRV) y la sanci\u00f3n aplicable. Las solicitudes de AUT son evaluadas por un panel de m\u00e9dicos, el Comit\u00e9 de AUT (CAUT).<\/p>\n<p>&nbsp;<\/p>\n<h3>2.\u00bfCu\u00e1les son los criterios para conceder una AUT?<\/h3>\n<p>Deben cumplirse los cuatro criterios siguientes (para m\u00e1s detalles, consulte el <a href=\"https:\/\/www.wada-ama.org\/en\/resources\/world-anti-doping-code-and-international-standards\/international-standard-therapeutic-use\" target=\"_blank\" rel=\"noopener\">art\u00edculo 4.2 del Est\u00e1ndar Internacional para Autorizaciones de Uso Terap\u00e9utico (ISTUE) de la AMA<\/a>):<\/p>\n<ul>\n<li>El deportista tiene una afecci\u00f3n m\u00e9dica claramente diagnosticada que requiere tratamiento con una sustancia o m\u00e9todo prohibidos;<\/li>\n<li>El uso terap\u00e9utico de la sustancia no producir\u00e1, en el balance de probabilidades, una mejora significativa del rendimiento m\u00e1s all\u00e1 del estado normal de salud del deportista;<\/li>\n<li>La sustancia o m\u00e9todo prohibido es un tratamiento indicado para la afecci\u00f3n m\u00e9dica y no existe ninguna alternativa terap\u00e9utica razonable permitida;<\/li>\n<li>La necesidad de utilizar dicha sustancia o m\u00e9todo no es consecuencia del uso previo (sin AUT), de una sustancia o m\u00e9todo que estaba prohibido en el momento de su uso.<\/li>\n<\/ul>\n<p>&nbsp;<\/p>\n<h3>3. \u00bfQui\u00e9n debe solicitar una AUT? \u00bfD\u00f3nde y cu\u00e1ndo solicitarla?<\/h3>\n<p><strong>La Federaci\u00f3n Internacional de P\u00e1del<\/strong> (FIP) ha delegado la responsabilidad de todas las solicitudes de AUT a la Agencia Internacional de Pruebas (ITA). Esto significa que la ITA es ahora plenamente responsable del proceso de solicitud de AUT para todos los deportistas de nivel internacional que caen bajo la jurisdicci\u00f3n de la <strong>FIP<\/strong>.<\/p>\n<p>Los deportistas sujetos a normas antidopaje necesitar\u00edan una AUT para tomar una sustancia prohibida o utilizar un m\u00e9todo prohibido. Debe verificar con la ITA para saber a qui\u00e9n necesita solicitarla y si puede solicitarla con car\u00e1cter retroactivo.<\/p>\n<p>En primer lugar, compruebe si el medicamento o m\u00e9todo que pretende tomar o utilizar est\u00e1 prohibido seg\u00fan la <a href=\"https:\/\/www.wada-ama.org\/en\/resources\/world-anti-doping-code-and-international-standards\/prohibited-list\" target=\"_blank\" rel=\"noopener\">Lista de Prohibiciones de la AMA<\/a>.<\/p>\n<p>Tambi\u00e9n puede utilizar un servicio en l\u00ednea de \u00abcomprobaci\u00f3n de la medicaci\u00f3n\u00bb como globalDRO (h<a href=\"https:\/\/globaldro.com\" target=\"_blank\" rel=\"noopener\">ttps:\/\/globaldro.com<\/a>) o preguntar a su ONAD si dispone de uno.<\/p>\n<p>&nbsp;<\/p>\n<p>Usted tiene la responsabilidad de informar a su(s) m\u00e9dico(s) de que es un deportista sujeto a las normas antidopaje. Usted y su(s) m\u00e9dico(s) deben comprobar la <a href=\"https:\/\/www.wada-ama.org\/en\/resources\/world-anti-doping-code-and-international-standards\/prohibited-list\" target=\"_blank\" rel=\"noopener\">Lista de sustancias y m\u00e9todos prohibidos<\/a> para la sustancia o el m\u00e9todo que le han recetado. Si la sustancia o m\u00e9todo est\u00e1 prohibido, discuta las alternativas no prohibidas, si no hay ninguna, solicite una AUT. Recuerde que los deportistas tienen la responsabilidad \u00faltima. P\u00f3ngase en contacto con su ONAD o con la ATI si tiene dificultades para evaluar la situaci\u00f3n de una sustancia.<\/p>\n<p>A continuaci\u00f3n, verifique a continuaci\u00f3n su estatus, para determinar su nivel de competici\u00f3n y los requisitos de solicitud de AUT:<\/p>\n<p><strong>Definici\u00f3n de nivel internacional<\/strong><\/p>\n<p>a) Atletas que formen parte del Pool de Control Registrado o del Pool de Control de la IPF;<br \/>\nb) Atletas clasificados hasta el puesto n\u00ba 50 en la clasificaci\u00f3n masculina y femenina de la IPF correspondiente, publicada en el sitio web de la IPF.<\/p>\n<p><strong>\u00aa Si se determina que usted es un deportista de nivel internacional<\/strong>, deber\u00e1 solicitarlo a la ITA con antelaci\u00f3n, en cuanto surja la necesidad, salvo que concurran circunstancias de emergencia o excepcionales.<\/p>\n<p>Para las sustancias prohibidas \u00fanicamente en competici\u00f3n, debe solicitar una AUT al menos 30 d\u00edas antes de su pr\u00f3xima competici\u00f3n, a menos que se aplique una de las excepciones sobre AUT retroactivas (v\u00e9ase m\u00e1s abajo).<\/p>\n<p>Consulte la secci\u00f3n \u00ab\u00bfC\u00f3mo solicitar una AUT a la ATI?\u00bb m\u00e1s abajo.<\/p>\n<p>Si ya tiene una AUT concedida por su Organizaci\u00f3n Nacional Antidopaje (ONAD):<\/p>\n<p><strong>El CAUT de la ATI<\/strong> lo reconocer\u00e1 autom\u00e1ticamente a efectos de Competici\u00f3n a nivel internacional sin necesidad de revisar la informaci\u00f3n cl\u00ednica pertinente.<\/p>\n<p><strong>\u00aa Si usted NO es un deportista de nivel internacional y ha sido sometido a controles por la FIP, el CAUT<\/strong> de la AIT reconoce una AUT v\u00e1lida concedida por su ONAD (es decir, satisface los criterios de la ISTUE para la concesi\u00f3n de una AUT); a menos que deba solicitar el reconocimiento de la AUT porque compite en un evento internacional.<\/p>\n<p>Si usted NO es un deportista de nivel nacional seg\u00fan la definici\u00f3n de su ONAD y ha sido sometido a controles por la <strong>FIP<\/strong>, debe solicitar una AUT retroactiva a la <strong>ATI<\/strong>.<\/p>\n<p>&nbsp;<\/p>\n<h3>4.\u00bfPuedo obtener una AUT retroactiva?<\/h3>\n<p>S\u00f3lo podr\u00e1 solicitar con car\u00e1cter retroactivo una AUT para <strong>PIF <\/strong>si:<\/p>\n<ul>\n<li>Ha necesitado tratamiento urgente o de emergencia de una enfermedad.<\/li>\n<li>No hubo tiempo suficiente, oportunidad u otras circunstancias excepcionales que le impidieran presentar la solicitud de AUT, o que \u00e9sta fuera evaluada, antes de someterse a la prueba.<\/li>\n<li>Usted es un deportista de nivel inferior que no est\u00e1 bajo la jurisdicci\u00f3n de la FIP o de una NADO y fue sometido a un control.<\/li>\n<li>Ha dado positivo tras consumir una sustancia Fuera de Competici\u00f3n que s\u00f3lo est\u00e1 prohibida En Competici\u00f3n (por ejemplo, glucocorticoides).<\/li>\n<\/ul>\n<p><strong>En circunstancias raras y excepcionales, y sin perjuicio de cualquier otra disposici\u00f3n de las ISTUE<\/strong>, podr\u00e1 solicitar y obtener una aprobaci\u00f3n retroactiva para un uso terap\u00e9utico de una sustancia o m\u00e9todo prohibido, si teniendo en cuenta la finalidad del C\u00f3digo, fuera manifiestamente injusto no conceder una AUT retroactiva. Una organizaci\u00f3n antidopaje podr\u00e1 conceder la solicitud de un deportista de una AUT retroactiva conforme a este art\u00edculo \u00fanicamente con la aprobaci\u00f3n previa de la AMA (y la AMA podr\u00e1, a su absoluta discreci\u00f3n, estar de acuerdo con la decisi\u00f3n de la organizaci\u00f3n antidopaje o rechazarla)\u00bb.<\/p>\n<p>Esta AUT retroactiva \u00fanica s\u00f3lo se conceder\u00e1 con la aprobaci\u00f3n previa de la AMA (y la AMA podr\u00e1, a su absoluta discreci\u00f3n, aceptar o rechazar la decisi\u00f3n de la <strong>FIP<\/strong>).<\/p>\n<p><strong>Nota importante<\/strong>:<\/p>\n<p>El uso de una sustancia o m\u00e9todo prohibido sin una AUT puede dar lugar a una infracci\u00f3n de las normas antidopaje.<\/p>\n<p>En caso de que sea necesaria una solicitud de AUT retroactiva tras la recogida de la muestra, se recomienda encarecidamente tener un expediente m\u00e9dico preparado y listo para someterlo a evaluaci\u00f3n.<\/p>\n<p>&nbsp;<\/p>\n<h3>5.\u00bfC\u00f3mo solicitar una AUT a la ATI?<\/h3>\n<p>La <strong>FIP<\/strong> anima a presentar las solicitudes de AUT a trav\u00e9s de ADAMS, junto con la informaci\u00f3n m\u00e9dica requerida. Si a\u00fan no tiene una cuenta ADAMS, p\u00f3ngase en contacto con <a href=\"mailto:tue@ita.sport\">tue@ita.sport<\/a> para crearla.<\/p>\n<p>En caso contrario, descargue el formulario de <a href=\"https:\/\/ita.sport\/resource\/international-testing-agency-therapeutic-use-exemption-tue-application-form\/\" target=\"_blank\" rel=\"noopener\">solicitud de AUT<\/a> (que encontrar\u00e1 en <a href=\"https:\/\/ita.sport\/TUE\" target=\"_blank\" rel=\"noopener\">https:\/\/ita.sport\/TUE<\/a>) y, una vez debidamente cumplimentado y firmado, env\u00edelo junto con el certificado m\u00e9dico requerido utilizando este <a href=\"https:\/\/forms.microsoft.com\/pages\/responsepage.aspx?id=QaDnKbMpWki6eoCPD-LIEqM6vIbONexGp93g38d4hI1UQ0lNQTNHSE9aRlVEUkw0T09PQUJIMVNWWS4u\" target=\"_blank\" rel=\"noopener\">formulario en l\u00ednea<\/a>.<\/p>\n<p>Su solicitud de AUT debe presentarse en letras may\u00fasculas legibles. o mecanografiadas.<\/p>\n<p>El expediente m\u00e9dico debe incluir:<\/p>\n<ul>\n<li>Un historial m\u00e9dico completo, que incluya documentaci\u00f3n del m\u00e9dico o m\u00e9dicos que realizaron el diagn\u00f3stico original (siempre que sea posible);<\/li>\n<li>Los resultados de todos los ex\u00e1menes, investigaciones de laboratorio y estudios de imagen pertinentes para la solicitud.<\/li>\n<\/ul>\n<p>Todos los gastos en que incurra el deportista al presentar la solicitud de AUT y al completarla seg\u00fan lo requiera el CAUT son responsabilidad del deportista.<\/p>\n<p>Cualquier solicitud de AUT que no est\u00e9 completa o legible no ser\u00e1 tramitada y ser\u00e1 devuelta para su cumplimentaci\u00f3n y nueva presentaci\u00f3n.<\/p>\n<p>Para ayudarle a usted y a su m\u00e9dico a proporcionar la documentaci\u00f3n m\u00e9dica correcta, le sugerimos que consulte las listas de comprobaci\u00f3n de la <a href=\"https:\/\/www.wada-ama.org\/en\/search?q=checklists&amp;filters%5Bcontent_type%5D%5B0%5D=%22resource%22&amp;filters%5Bresource_collection%5D%5B0%5D=%22Therapeutic%20Use%20Exemption%22&amp;page=0\" target=\"_blank\" rel=\"noopener\">AMA para las solicitudes de AUT<\/a> a fin de obtener orientaci\u00f3n y apoyo, y la <a href=\"https:\/\/www.wada-ama.org\/en\/search?q=medical&amp;filters%5Bcontent_type%5D%5B0%5D=%22resource%22&amp;filters%5Bresource_collection%5D%5B0%5D=%22Therapeutic%20Use%20Exemption%22&amp;sort-by=year-approved&amp;page=0\" target=\"_blank\" rel=\"noopener\">informaci\u00f3n m\u00e9dica en apoyo de las decisiones de los CAUT<\/a> a fin de obtener orientaci\u00f3n sobre afecciones m\u00e9dicas, tratamientos, sustancias, etc. comunes espec\u00edficos.<\/p>\n<p>Conserve una copia completa del formulario de solicitud de AUT y de toda la informaci\u00f3n m\u00e9dica presentada en apoyo de su solicitud, as\u00ed como la prueba de que ha sido enviada.<\/p>\n<p>&nbsp;<\/p>\n<h3>6.\u00bfC\u00f3mo PRESENTAR A LA FIP UNA SOLICITUD DE RECONOCIMIENTO DE LA AUTORIZACI\u00d3N DE MI NADO?<\/h3>\n<p>El CAUT de la ATI reconocer\u00e1 autom\u00e1ticamente su AUT a efectos de Competici\u00f3n a nivel internacional sin necesidad de revisar la informaci\u00f3n cl\u00ednica pertinente. Si la AUT est\u00e1 correctamente introducida en ADAMS, no es necesario que se ponga en contacto con nosotros. No obstante, si necesita una confirmaci\u00f3n, puede presentar su solicitud a la ATI por escrito indicando su n\u00famero de referencia de AUT en ADAMS.<\/p>\n<p>Puede descargar su certificado TUE directamente de ADAMS.<\/p>\n<p>&nbsp;<\/p>\n<h3>7. \u00bfQu\u00e9 ocurre en los grandes acontecimientos, como los Juegos Ol\u00edmpicos o los Mundiales?<\/h3>\n<p>Debe verificar con el Gran Acontecimiento cu\u00e1les son sus requisitos de AUT.<\/p>\n<p><strong>Antes del periodo de los Juegos.<\/strong><\/p>\n<p>Deber\u00e1 seguir el proceso normal y presentar nuevas solicitudes a su FI u ONAD. Las AUT preexistentes seguir\u00e1n el proceso de reconocimiento siempre que est\u00e9n introducidas en ADAMS.<\/p>\n<p><strong>Durante el periodo de los Juegos<\/strong>.<br \/>\nDebe comprobar el proceso exacto en la p\u00e1gina web del Evento o ponerse en contacto con los organizadores.<\/p>\n<p>&nbsp;<\/p>\n<h3>8. \u00bfCu\u00e1ndo recibir\u00e9 una decisi\u00f3n sobre mi solicitud de AUT [O SOLICITUD DE RECONOCIMIENTO]?<\/h3>\n<p>El CAUT de la <strong>ATI<\/strong> debe emitir una decisi\u00f3n lo antes posible, y normalmente en un plazo de 21 d\u00edas a partir de la fecha de recepci\u00f3n de la solicitud de AUT completa, o de la solicitud de reconocimiento, salvo en circunstancias excepcionales.<\/p>\n<p>&nbsp;<\/p>\n<h3>9.\u00bfQU\u00c9 hago si necesito renovar mi AUT?<\/h3>\n<p>Cada AUT tiene una duraci\u00f3n determinada, al t\u00e9rmino de la cual expira autom\u00e1ticamente. En caso de que necesite seguir utilizando la sustancia o el m\u00e9todo prohibidos, es su responsabilidad presentar una nueva solicitud de AUT con informaci\u00f3n m\u00e9dica actualizada antes de la fecha de expiraci\u00f3n, de modo que haya tiempo suficiente para que se tome una decisi\u00f3n antes de que expire la AUT actual.<\/p>\n<p><strong>Nota importante<\/strong>:<\/p>\n<p>La presencia (tras la recogida de la muestra), el uso, la posesi\u00f3n o la administraci\u00f3n de la sustancia o m\u00e9todo prohibidos deben ser coherentes con los t\u00e9rminos de su AUT. Por lo tanto, si necesita una dosis, frecuencia, v\u00eda o duraci\u00f3n de la administraci\u00f3n materialmente diferentes, deber\u00e1 ponerse en contacto con la <strong>ATI<\/strong>, ya que es posible que deba solicitar una nueva AUT. Algunas sustancias y dosis, por ejemplo la insulina, se modifican a menudo durante el tratamiento y estas posibles fluctuaciones deben ser mencionadas por el m\u00e9dico tratante en la solicitud de AUT y normalmente ser\u00e1n aceptadas por el CAUT de la ATI.<\/p>\n<p>&nbsp;<\/p>\n<h3>10. \u00bfQU\u00c9 OCURRE SI SE DENIEGA MI SOLICITUD DE TUE?<\/h3>\n<p>La decisi\u00f3n de denegar una solicitud de AUT incluir\u00e1 una explicaci\u00f3n por escrito de los motivos de la denegaci\u00f3n. Si no le queda claro, p\u00f3ngase en contacto con la <strong>ATI<\/strong> para saber exactamente por qu\u00e9 se ha denegado la AUT. A veces, puede faltar un dato cr\u00edtico, una prueba diagn\u00f3stica, resultados de laboratorio, etc. En tal caso, deber\u00e1 volver a solicitarla.<\/p>\n<p>Usted y\/o su ONAD pueden remitir el asunto a la AMA para su revisi\u00f3n a m\u00e1s tardar 21 d\u00edas despu\u00e9s de la notificaci\u00f3n de la decisi\u00f3n del CAUT de la <strong>ATI<\/strong>. Deber\u00e1 enviar la misma informaci\u00f3n que nos present\u00f3, y en la que se bas\u00f3 la decisi\u00f3n de denegar la AUT, a trav\u00e9s de un m\u00e9todo seguro en l\u00ednea o por correo certificado a:<\/p>\n<p>Departamento M\u00e9dico de la AMA<br \/>\nAgencia Mundial Antidopaje<br \/>\nTorre de la Bolsa<br \/>\n800 Place Victoria (Suite 1700)<br \/>\nApartado de correos 120<br \/>\nMontreal (Quebec) H4Z 1B7<br \/>\nCanad\u00e1<\/p>\n<p>La direcci\u00f3n de correo electr\u00f3nico para realizar consultas y\/o enviar la solicitud de revisi\u00f3n es: <a href=\"mailto:medical@wada-ama.org\">medical@wada-ama.org<\/a><\/p>\n<p>Cabe se\u00f1alar que la AMA no est\u00e1 obligada a dar curso a una solicitud de revisi\u00f3n. En ese caso, usted y\/o su ONAD pueden recurrir al Tribunal de Arbitraje Deportivo (TAD).<\/p>\n<p>&nbsp;<\/p>\n<h3>11.\u00bfY SI MI TUE NO ES RECONOCIDA POR LA FIP?<\/h3>\n<p>Usted y\/o su ONAD disponen de 21 d\u00edas a partir de la fecha de la decisi\u00f3n para remitir el asunto a la AMA para su revisi\u00f3n. La direcci\u00f3n de correo electr\u00f3nico para consultar y\/o enviar la solicitud de revisi\u00f3n es: <a href=\"mailto:medical@wada-ama.org\">medical@wada-ama.org<\/a>. Tambi\u00e9n puede enviarla a<\/p>\n<p>Departamento M\u00e9dico de la AMA<br \/>\nAgencia Mundial Antidopaje<br \/>\nTorre de la Bolsa<br \/>\n800 Place Victoria (Suite 1700)<br \/>\nApartado de correos 120<br \/>\nMontreal (Quebec) H4Z 1B7<br \/>\nCanad\u00e1<\/p>\n<p>Deber\u00e1 enviar a la AMA la misma informaci\u00f3n que proporcion\u00f3 a su ONAD. Utilice un m\u00e9todo seguro en l\u00ednea, a menos que lo env\u00ede por correo certificado.<\/p>\n<p>A la espera de la decisi\u00f3n de la AMA, su AUT de la ONAD sigue siendo v\u00e1lida \u00fanicamente para los controles en competiciones nacionales y fuera de competici\u00f3n.<\/p>\n<p>Si el asunto no se remite a la AMA para su revisi\u00f3n, su ONAD debe determinar si la AUT original concedida debe seguir siendo v\u00e1lida para los controles de competici\u00f3n y fuera de competici\u00f3n a nivel nacional.<\/p>\n<p>&nbsp;<\/p>\n<h3>12. \u00bfse tratar\u00e1 mi informaci\u00f3n m\u00e9dica de forma confidencial?<\/h3>\n<p>Toda la informaci\u00f3n contenida en una solicitud de AUT, incluida la informaci\u00f3n m\u00e9dica de apoyo y cualquier otra informaci\u00f3n relacionada con la evaluaci\u00f3n de su solicitud de AUT, se mantiene estrictamente confidencial y se trata de acuerdo con la Declaraci\u00f3n del Deportista contenida en la AUT de ADAMS y en el Formulario de Solicitud de AUT que se puede encontrar <a href=\"https:\/\/ita.sport\/resource\/international-testing-agency-therapeutic-use-exemption-tue-application-form\/\" target=\"_blank\" rel=\"noopener\">aqu\u00ed<\/a>. Todos los miembros del CAUT y cualesquiera otros destinatarios autorizados de su solicitud de AUT y de la informaci\u00f3n relacionada (como se describe en la Declaraci\u00f3n del Deportista) est\u00e1n sujetos a una obligaci\u00f3n de confidencialidad profesional o contractual.<\/p>\n<p>Por favor, revise cuidadosamente los t\u00e9rminos de la Declaraci\u00f3n del Atleta. En particular, tenga en cuenta que si desea revocar el derecho del CAUT de la FIP a obtener la informaci\u00f3n relacionada con su AUT de conformidad con la Declaraci\u00f3n del Deportista, su solicitud de AUT se considerar\u00e1 retirada sin que se conceda la aprobaci\u00f3n [o el reconocimiento].<\/p>\n<p>La informaci\u00f3n relativa a su solicitud de AUT ser\u00e1 conservada por la FIP y cualquier otro destinatario autorizado durante no m\u00e1s tiempo del necesario para los fines indicados en la Declaraci\u00f3n del Atleta, de conformidad con la Norma Internacional para la Protecci\u00f3n de la Privacidad y la Informaci\u00f3n Personal.<\/p>\n<p>&nbsp;<\/p>\n<h3>13.Informaci\u00f3n de contacto<\/h3>\n<p>Para cualquier informaci\u00f3n adicional y preguntas en relaci\u00f3n con las pr\u00e1cticas de informaci\u00f3n personal de FIP, p\u00f3ngase en contacto con <a href=\"mailto:privacy@ita.sport\">privacy@ita.sport<\/a>.<\/p>\n<p>Si tiene alguna duda sobre qu\u00e9 organizaci\u00f3n debe solicitar una AUT, o sobre el proceso de reconocimiento, o cualquier otra cuesti\u00f3n sobre las AUT, p\u00f3ngase en contacto con: <a href=\"mailto:tue@ita.sport\">tue@ita.sport<\/a>.<\/p>\n<p>&nbsp;<\/p>\n<h3>14.Otros enlaces \u00fatiles:<\/h3>\n<p><a href=\"https:\/\/www.wada-ama.org\/en\/resources\/world-anti-doping-code-and-international-standards\/international-standard-therapeutic-use\" target=\"_blank\" rel=\"noopener\">Norma Internacional de la AMA para Autorizaciones de Uso Terap\u00e9utico (ISTUE)<\/a><br \/>\n<a href=\"https:\/\/www.wada-ama.org\/en\/athletes-support-personnel\/therapeutic-use-exemptions-tues\" target=\"_blank\" rel=\"noopener\">Preguntas y respuestas de la AMA sobre las Autorizaciones de Uso Terap\u00e9utico<\/a><br \/>\n<a href=\"https:\/\/www.wada-ama.org\/en\/search?q=checklists&amp;filters%5Bcontent_type%5D%5B0%5D=%22resource%22&amp;filters%5Bresource_collection%5D%5B0%5D=%22Therapeutic%20Use%20Exemption%22&amp;page=0\" target=\"_blank\" rel=\"noopener\">Listas de control de la AMA para solicitudes de AUT<\/a><br \/>\n<a href=\"https:\/\/www.wada-ama.org\/en\/resources\/world-anti-doping-program\/guidelines-international-standard-therapeutic-use-exemptions\" target=\"_blank\" rel=\"noopener\">Directrices de la AMA para la Norma Internacional para Autorizaciones de Uso Terap\u00e9utico (ISTUE)<\/a><br \/>\n<a href=\"https:\/\/adel.wada-ama.org\/learn\" target=\"_blank\" rel=\"noopener\">Educaci\u00f3n y formaci\u00f3n antidopaje de la AMA (ADEL)<\/a><\/p>\n","protected":false},"excerpt":{"rendered":"<p>Proceso de autorizaci\u00f3n para uso terap\u00e9utico 1. \u00bfQu\u00e9 es una Autorizaci\u00f3n para Uso Terap\u00e9utico (AUT)? Los deportistas pueden padecer enfermedades o afecciones que les obliguen a tomar medicamentos o a someterse a procedimientos. Si el medicamento o m\u00e9todo que un deportista debe utilizar para tratar una enfermedad o afecci\u00f3n est\u00e1 prohibido seg\u00fan la lista de [&hellip;]<\/p>\n","protected":false},"author":16,"featured_media":0,"parent":241053,"menu_order":0,"comment_status":"closed","ping_status":"closed","template":"tmp-cleanSport.php","meta":{"_acf_changed":false,"footnotes":""},"class_list":["post-241093","page","type-page","status-publish","hentry"],"acf":[],"_links":{"self":[{"href":"https:\/\/www.padelfip.com\/es\/wp-json\/wp\/v2\/pages\/241093","targetHints":{"allow":["GET"]}}],"collection":[{"href":"https:\/\/www.padelfip.com\/es\/wp-json\/wp\/v2\/pages"}],"about":[{"href":"https:\/\/www.padelfip.com\/es\/wp-json\/wp\/v2\/types\/page"}],"author":[{"embeddable":true,"href":"https:\/\/www.padelfip.com\/es\/wp-json\/wp\/v2\/users\/16"}],"replies":[{"embeddable":true,"href":"https:\/\/www.padelfip.com\/es\/wp-json\/wp\/v2\/comments?post=241093"}],"version-history":[{"count":0,"href":"https:\/\/www.padelfip.com\/es\/wp-json\/wp\/v2\/pages\/241093\/revisions"}],"up":[{"embeddable":true,"href":"https:\/\/www.padelfip.com\/es\/wp-json\/wp\/v2\/pages\/241053"}],"wp:attachment":[{"href":"https:\/\/www.padelfip.com\/es\/wp-json\/wp\/v2\/media?parent=241093"}],"curies":[{"name":"wp","href":"https:\/\/api.w.org\/{rel}","templated":true}]}}