{"id":297049,"date":"2026-02-25T10:39:11","date_gmt":"2026-02-25T09:39:11","guid":{"rendered":"https:\/\/www.padelfip.com\/fip-promises-ranking-system-points-breakdown\/"},"modified":"2026-02-25T15:10:01","modified_gmt":"2026-02-25T14:10:01","slug":"fip-promises-ranking-system-points-breakdown","status":"publish","type":"page","link":"https:\/\/www.padelfip.com\/es\/fip-promises-ranking-system-points-breakdown\/","title":{"rendered":"Fip Promises Ranking System &#038; Points Breakdown"},"content":{"rendered":"<p>La Federaci\u00f3n Internacional de P\u00e1del (FIP) establece el procedimiento oficial para el c\u00e1lculo del Ranking FIP Promises, aplicable a todas las categor\u00edas (U12, U14, U16 y U18, tanto masculinas como femeninas).<\/p>\n<h2>RANKING FIP PROMISES 2026<\/h2>\n<p>El Ranking FIP Promises 2026 se divide por continentes: \u00c1frica, Am\u00e9rica, Asia y Europa.<br \/>\nEl Ranking FIP Promises se basa en los nueve (9) mejores resultados obtenidos por cada jugador en torneos oficiales FIP Promises durante la temporada 2026.<br \/>\nLos jugadores podr\u00e1n participar en un n\u00famero ilimitado de torneos en su propia categor\u00eda y en una categor\u00eda superior (m\u00e1ximo dos), seg\u00fan lo permitido por la normativa FIP Promises.<br \/>\nTodos los puntos obtenidos computan de forma individual para el ranking del jugador en la categor\u00eda en la que se hayan conseguido.<\/p>\n<h2>DEFENSA DE PUNTOS 2025<\/h2>\n<p>La defensa de puntos se basa en un ciclo continuo de 52 semanas, en el que los jugadores deber\u00e1n igualar o mejorar su rendimiento en las mismas semanas del a\u00f1o anterior para conservar los puntos en su ranking.<br \/>\nLa p\u00e9rdida de puntos es autom\u00e1tica y estos se eliminan al final del ciclo. Dichos puntos ser\u00e1n sustituidos por el resultado obtenido en la semana correspondiente del a\u00f1o en curso.<\/p>\n<h2>ACCESO A LAS FINALES CONTINENTALES FIP PROMISES<\/h2>\n<p>La participaci\u00f3n en las Finales Continentales FIP se determinar\u00e1 seg\u00fan el ranking vigente a fecha 9 de diciembre de 2026. Esta fecha es una (1) semana antes del evento y difiere del resto de pruebas del Continental Tour, cuya fecha de corte es dos (2) semanas antes del evento.<\/p>\n<h2>BONIFICACI\u00d3N POR CAMBIO DE CATEGOR\u00cdA<\/h2>\n<p>Un jugador FIP Promises que cambie de categor\u00eda al finalizar un a\u00f1o recibir\u00e1 un porcentaje de los puntos obtenidos en la temporada anterior en sus nueve (9) mejores torneos. Dichos puntos ser\u00e1n v\u00e1lidos hasta que se cumplan 365 d\u00edas desde la fecha en que fueron obtenidos, conforme a lo siguiente:<\/p>\n<ul>\n<li>Transici\u00f3n de U12 a U14: 10 % de los puntos obtenidos en la categor\u00eda U12.<\/li>\n<li>Transici\u00f3n de U14 a U16: 10 % de los puntos obtenidos en la categor\u00eda U14.<\/li>\n<li>Transici\u00f3n de U16 a U18: 10 % de los puntos obtenidos en la categor\u00eda U16.<\/li>\n<li>Transici\u00f3n de U18 al Ranking FIP Absoluto: 5 % de los puntos obtenidos en la categor\u00eda U18.<\/li>\n<\/ul>\n<h2>DISTRIBUCI\u00d3N DE PUNTOS<\/h2>\n<p>A continuaci\u00f3n, se muestra la tabla de distribuci\u00f3n de puntos para los eventos FIP Promises.<br \/>\nEn los eventos del FIP Continental Tour, la cantidad de puntos otorgados se determina en funci\u00f3n del tama\u00f1o del cuadro de competici\u00f3n.<\/p>\n<p><img loading=\"lazy\" decoding=\"async\" class=\"alignnone size-full wp-image-297046\" src=\"https:\/\/www.padelfip.com\/wp-content\/uploads\/2026\/02\/Promises-Point-Distribution-Chart.jpg\" alt=\"\" width=\"1654\" height=\"1654\" srcset=\"https:\/\/www.padelfip.com\/wp-content\/uploads\/2026\/02\/Promises-Point-Distribution-Chart.jpg 1654w, https:\/\/www.padelfip.com\/wp-content\/uploads\/2026\/02\/Promises-Point-Distribution-Chart-300x300.jpg 300w, https:\/\/www.padelfip.com\/wp-content\/uploads\/2026\/02\/Promises-Point-Distribution-Chart-1024x1024.jpg 1024w, https:\/\/www.padelfip.com\/wp-content\/uploads\/2026\/02\/Promises-Point-Distribution-Chart-150x150.jpg 150w, https:\/\/www.padelfip.com\/wp-content\/uploads\/2026\/02\/Promises-Point-Distribution-Chart-768x768.jpg 768w, https:\/\/www.padelfip.com\/wp-content\/uploads\/2026\/02\/Promises-Point-Distribution-Chart-1536x1536.jpg 1536w\" sizes=\"auto, (max-width: 1654px) 100vw, 1654px\" \/><\/p>\n","protected":false},"excerpt":{"rendered":"<p>La Federaci\u00f3n Internacional de P\u00e1del (FIP) establece el procedimiento oficial para el c\u00e1lculo del Ranking FIP Promises, aplicable a todas las categor\u00edas (U12, U14, U16 y U18, tanto masculinas como femeninas). RANKING FIP PROMISES 2026 El Ranking FIP Promises 2026 se divide por continentes: \u00c1frica, Am\u00e9rica, Asia y Europa. El Ranking FIP Promises se basa [&hellip;]<\/p>\n","protected":false},"author":2,"featured_media":0,"parent":0,"menu_order":0,"comment_status":"closed","ping_status":"closed","template":"","meta":{"_acf_changed":false,"footnotes":""},"class_list":["post-297049","page","type-page","status-publish","hentry"],"acf":[],"_links":{"self":[{"href":"https:\/\/www.padelfip.com\/es\/wp-json\/wp\/v2\/pages\/297049","targetHints":{"allow":["GET"]}}],"collection":[{"href":"https:\/\/www.padelfip.com\/es\/wp-json\/wp\/v2\/pages"}],"about":[{"href":"https:\/\/www.padelfip.com\/es\/wp-json\/wp\/v2\/types\/page"}],"author":[{"embeddable":true,"href":"https:\/\/www.padelfip.com\/es\/wp-json\/wp\/v2\/users\/2"}],"replies":[{"embeddable":true,"href":"https:\/\/www.padelfip.com\/es\/wp-json\/wp\/v2\/comments?post=297049"}],"version-history":[{"count":0,"href":"https:\/\/www.padelfip.com\/es\/wp-json\/wp\/v2\/pages\/297049\/revisions"}],"wp:attachment":[{"href":"https:\/\/www.padelfip.com\/es\/wp-json\/wp\/v2\/media?parent=297049"}],"curies":[{"name":"wp","href":"https:\/\/api.w.org\/{rel}","templated":true}]}}