{"id":69706,"date":"2023-02-14T00:35:22","date_gmt":"2023-02-13T23:35:22","guid":{"rendered":"https:\/\/www.padelfip.com\/solicitud-de-arbitro-de-silla\/"},"modified":"2023-04-06T12:21:05","modified_gmt":"2023-04-06T10:21:05","slug":"solicitud-de-arbitro-de-silla","status":"publish","type":"page","link":"https:\/\/www.padelfip.com\/es\/solicitud-de-arbitro-de-silla\/","title":{"rendered":"Solicitud de \u00c1rbitro de Silla"},"content":{"rendered":"<h3> Estimado solicitante,<\/h3>\n<section>\n<p>Rellene el formulario incluyendo todas sus experiencias profesionales relevantes.<\/p>\n<p>Tenga en cuenta que la posesi\u00f3n de una licencia v\u00e1lida expedida por el pa\u00eds de origen del solicitante es un requisito OBLIGATORIO. En caso contrario, p\u00f3ngase en contacto con su Federaci\u00f3n Nacional.<\/p>\n<p>Para trabajar en cualquier Torneo de la FIP es necesario dominar el ingl\u00e9s y el espa\u00f1ol.<\/p>\n<p>Otros idiomas conocidos son una ventaja.<\/p>\n<p>Una vez finalizado el plazo, la FIP y la Federaci\u00f3n Nacional seleccionar\u00e1n y notificar\u00e1n debidamente a los candidatos elegidos.<\/p>\n<p>Por favor, tenga en cuenta que cada candidatura es v\u00e1lida SOLO para el torneo seleccionado.<\/p>\n<p>Cualquier otro torneo para el que desee presentar su candidatura dispone de un formulario de solicitud nuevo e independiente.<\/p>\n<\/section>\n\n<div class=\"wpcf7 no-js\" id=\"wpcf7-f45322-o1\" lang=\"en-US\" dir=\"ltr\" data-wpcf7-id=\"45322\">\n<div class=\"screen-reader-response\"><p role=\"status\" aria-live=\"polite\" aria-atomic=\"true\"><\/p> <ul><\/ul><\/div>\n<form action=\"\/es\/wp-json\/wp\/v2\/pages\/69706#wpcf7-f45322-o1\" method=\"post\" class=\"wpcf7-form init wpcf7-acceptance-as-validation\" aria-label=\"Contact form\" novalidate=\"novalidate\" data-status=\"init\">\n<fieldset class=\"hidden-fields-container\"><input type=\"hidden\" name=\"_wpcf7\" value=\"45322\" \/><input type=\"hidden\" name=\"_wpcf7_version\" value=\"6.1.5\" \/><input type=\"hidden\" name=\"_wpcf7_locale\" value=\"en_US\" \/><input type=\"hidden\" name=\"_wpcf7_unit_tag\" value=\"wpcf7-f45322-o1\" \/><input type=\"hidden\" name=\"_wpcf7_container_post\" value=\"0\" \/><input type=\"hidden\" name=\"_wpcf7_posted_data_hash\" value=\"\" \/>\n<\/fieldset>\n<div id=\"registration-contact-form\">\n\t<div>\n\t\t<p><label>Nombre del Torneo \/ Tournament Name* <span class=\"wpcf7-form-control-wrap\" data-name=\"tournament-name\"><input size=\"40\" maxlength=\"400\" class=\"wpcf7-form-control wpcf7-text wpcf7-validates-as-required\" aria-required=\"true\" aria-invalid=\"false\" value=\"\" type=\"text\" name=\"tournament-name\" \/><\/span><\/label>\n\t\t<\/p>\n\t<\/div>\n\t<div>\n\t\t<p><label>Name and surname* <span class=\"wpcf7-form-control-wrap\" data-name=\"chair-umpire-name\"><input size=\"40\" maxlength=\"400\" class=\"wpcf7-form-control wpcf7-text wpcf7-validates-as-required\" aria-required=\"true\" aria-invalid=\"false\" value=\"\" type=\"text\" name=\"chair-umpire-name\" \/><\/span><\/label>\n\t\t<\/p>\n\t<\/div>\n\t<div class=\"one-half\">\n\t\t<p><label>Email* <span class=\"wpcf7-form-control-wrap\" data-name=\"chair-umpire-email\"><input size=\"40\" maxlength=\"400\" class=\"wpcf7-form-control wpcf7-email wpcf7-validates-as-required wpcf7-text wpcf7-validates-as-email\" aria-required=\"true\" aria-invalid=\"false\" value=\"\" type=\"email\" name=\"chair-umpire-email\" \/><\/span><\/label>\n\t\t<\/p>\n\t<\/div>\n\t<div class=\"one-half last\">\n\t\t<p><label>Phone number * <span class=\"wpcf7-form-control-wrap\" data-name=\"chair-umpire-tel\"><input size=\"40\" maxlength=\"400\" class=\"wpcf7-form-control wpcf7-tel wpcf7-validates-as-required wpcf7-text wpcf7-validates-as-tel\" aria-required=\"true\" aria-invalid=\"false\" value=\"\" type=\"tel\" name=\"chair-umpire-tel\" \/><\/span><\/label>\n\t\t<\/p>\n\t<\/div>\n\t<div class=\"one-third\">\n\t\t<p><label>City* <span class=\"wpcf7-form-control-wrap\" data-name=\"chair-umpire-city\"><input size=\"40\" maxlength=\"400\" class=\"wpcf7-form-control wpcf7-text wpcf7-validates-as-required\" aria-required=\"true\" aria-invalid=\"false\" value=\"\" type=\"text\" name=\"chair-umpire-city\" \/><\/span><\/label>\n\t\t<\/p>\n\t<\/div>\n\t<div class=\"one-third\">\n\t\t<p><label>Nationality* <span class=\"wpcf7-form-control-wrap\" data-name=\"chair-umpire-nationality\"><input size=\"40\" maxlength=\"400\" class=\"wpcf7-form-control wpcf7-text wpcf7-validates-as-required\" aria-required=\"true\" aria-invalid=\"false\" value=\"\" type=\"text\" name=\"chair-umpire-nationality\" \/><\/span><\/label>\n\t\t<\/p>\n\t<\/div>\n\t<div class=\"one-third last\">\n\t\t<p><label>License number* <span class=\"wpcf7-form-control-wrap\" data-name=\"chair-umpire-fiplicense\"><input size=\"40\" maxlength=\"400\" class=\"wpcf7-form-control wpcf7-text wpcf7-validates-as-required\" aria-required=\"true\" aria-invalid=\"false\" value=\"\" type=\"text\" name=\"chair-umpire-fiplicense\" \/><\/span><\/label>\n\t\t<\/p>\n\t<\/div>\n\t<div>\n\t\t<p><label>Certification \/ title <span class=\"wpcf7-form-control-wrap\" data-name=\"chair-umpire-Certification\"><input size=\"40\" maxlength=\"400\" class=\"wpcf7-form-control wpcf7-text wpcf7-validates-as-required\" aria-required=\"true\" aria-invalid=\"false\" value=\"\" type=\"text\" name=\"chair-umpire-Certification\" \/><\/span><\/label>\n\t\t<\/p>\n\t<\/div>\n\t<div>\n\t\t<p><label>Size shoes (Please enter your size eg: 39,40,41...)* <span class=\"wpcf7-form-control-wrap\" data-name=\"chair-umpire-size-shoes\"><input size=\"40\" maxlength=\"400\" class=\"wpcf7-form-control wpcf7-text wpcf7-validates-as-required\" aria-required=\"true\" aria-invalid=\"false\" value=\"\" type=\"text\" name=\"chair-umpire-size-shoes\" \/><\/span><\/label>\n\t\t<\/p>\n\t<\/div>\n\t<div class=\"one-half\">\n\t\t<p><label>Trousers size* <span class=\"wpcf7-form-control-wrap\" data-name=\"chair-umpire-Trousers-size\"><select class=\"wpcf7-form-control wpcf7-select wpcf7-validates-as-required\" aria-required=\"true\" aria-invalid=\"false\" name=\"chair-umpire-Trousers-size\"><option value=\"\">&#8212;Please choose an option&#8212;<\/option><option value=\"Small\">Small<\/option><option value=\"Medium\">Medium<\/option><option value=\"Large\">Large<\/option><option value=\"X-Large\">X-Large<\/option><option value=\"XXL-Large\">XXL-Large<\/option><\/select><\/span><\/label>\n\t\t<\/p>\n\t<\/div>\n\t<div class=\"one-half last\">\n\t\t<p><label>Shirt size* <span class=\"wpcf7-form-control-wrap\" data-name=\"chair-umpire-shirt-size\"><select class=\"wpcf7-form-control wpcf7-select wpcf7-validates-as-required\" aria-required=\"true\" aria-invalid=\"false\" name=\"chair-umpire-shirt-size\"><option value=\"\">&#8212;Please choose an option&#8212;<\/option><option value=\"Small\">Small<\/option><option value=\"Medium\">Medium<\/option><option value=\"Large\">Large<\/option><option value=\"X-Large\">X-Large<\/option><option value=\"XXL-Large\">XXL-Large<\/option><\/select><\/span><\/label>\n\t\t<\/p>\n\t<\/div>\n\t<div>\n\t\t<p><label>Last 5 professional tournament records* <span class=\"wpcf7-form-control-wrap\" data-name=\"chair-umpire-latest-5-tournament\"><input size=\"40\" maxlength=\"400\" class=\"wpcf7-form-control wpcf7-text wpcf7-validates-as-required\" aria-required=\"true\" aria-invalid=\"false\" value=\"\" type=\"text\" name=\"chair-umpire-latest-5-tournament\" \/><\/span><\/label>\n\t\t<\/p>\n\t<\/div>\n\t<div>\n\t\t<p><label> <span class=\"wpcf7-form-control-wrap\" data-name=\"chair-umpire-latest-5-tournament1\"><input size=\"40\" maxlength=\"400\" class=\"wpcf7-form-control wpcf7-text wpcf7-validates-as-required\" aria-required=\"true\" aria-invalid=\"false\" value=\"\" type=\"text\" name=\"chair-umpire-latest-5-tournament1\" \/><\/span><\/label>\n\t\t<\/p>\n\t<\/div>\n\t<div>\n\t\t<p><label> <span class=\"wpcf7-form-control-wrap\" data-name=\"chair-umpire-latest-5-tournament2\"><input size=\"40\" maxlength=\"400\" class=\"wpcf7-form-control wpcf7-text wpcf7-validates-as-required\" aria-required=\"true\" aria-invalid=\"false\" value=\"\" type=\"text\" name=\"chair-umpire-latest-5-tournament2\" \/><\/span><\/label>\n\t\t<\/p>\n\t<\/div>\n\t<div>\n\t\t<p><label> <span class=\"wpcf7-form-control-wrap\" data-name=\"chair-umpire-latest-5-tournament3\"><input size=\"40\" maxlength=\"400\" class=\"wpcf7-form-control wpcf7-text wpcf7-validates-as-required\" aria-required=\"true\" aria-invalid=\"false\" value=\"\" type=\"text\" name=\"chair-umpire-latest-5-tournament3\" \/><\/span><\/label>\n\t\t<\/p>\n\t<\/div>\n\t<div>\n\t\t<p><label> <span class=\"wpcf7-form-control-wrap\" data-name=\"chair-umpire-latest-5-tournament4\"><input size=\"40\" maxlength=\"400\" class=\"wpcf7-form-control wpcf7-text wpcf7-validates-as-required\" aria-required=\"true\" aria-invalid=\"false\" value=\"\" type=\"text\" name=\"chair-umpire-latest-5-tournament4\" \/><\/span><\/label>\n\t\t<\/p>\n\t<\/div>\n\t<div>\n\t\t<p><label>If you to add more experience information, write it down.<span class=\"wpcf7-form-control-wrap\" data-name=\"observation\"><textarea cols=\"40\" rows=\"10\" maxlength=\"2000\" class=\"wpcf7-form-control wpcf7-textarea\" aria-invalid=\"false\" name=\"observation\"><\/textarea><\/span><\/label>\n\t\t<\/p>\n\t<\/div>\n\t<div>\n\t\t<p><label>Please prove that you are human by solving the equation<br \/>\n<span class=\"wpcf7-form-control-wrap\" data-name=\"quiz-177\"><label><span class=\"wpcf7-quiz-label\">6 + 3<\/span> <input size=\"40\" class=\"wpcf7-form-control wpcf7-quiz\" autocomplete=\"off\" aria-required=\"true\" aria-invalid=\"false\" type=\"text\" name=\"quiz-177\" \/><\/label><input type=\"hidden\" name=\"_wpcf7_quiz_answer_quiz-177\" value=\"e365dcd3352eee76fc7d62bb316b793a\" \/><\/span><\/label>\n\t\t<\/p>\n\t<\/div>\n\t<div>\n\t\t<p><span class=\"wpcf7-form-control-wrap\" data-name=\"privacy\"><span class=\"wpcf7-form-control wpcf7-acceptance\"><span class=\"wpcf7-list-item\"><label><input type=\"checkbox\" name=\"privacy\" value=\"1\" aria-invalid=\"false\" \/><span class=\"wpcf7-list-item-label\">I accept the <a href=\"https:\/\/www.padelfip.com\/privacy\/\/\">Privacy Policy<\/a><\/span><\/label><\/span><\/span><\/span>\n\t\t<\/p>\n\t<\/div>\n\t<div>\n\t\t<p><input class=\"wpcf7-form-control wpcf7-submit has-spinner elementor-button\" type=\"submit\" value=\"Submit\" \/>\n\t\t<\/p>\n\t<\/div>\n<\/div>\n<style>\n.one-half,\n.one-third {\n position: relative;\n margin-right: 4%;\n float: left;\n \n}\n.one{100%}\n.one-half { width: 48%; }\n.one-third { width: 30.66%; }\n \n.last {\n margin-right: 0 !important;\n clear: right;\n}\n \n@media only screen and (max-width: 767px) {\n .one-half, .one-third {\n width: 100%;\n margin-right: 0;\n }\n}\n\n#registration-contact-form{\nmargin-bottom:25px;\n}\n\n#registration-contact-form input[type=\"submit\"]{\n border: 1px solid #1d3056;\n}\n<\/style><div class=\"wpcf7-response-output\" aria-hidden=\"true\"><\/div>\n<\/form>\n<\/div>\n\n<style>\/*! elementor - v3.11.2 - 22-02-2023 *\/\n.elementor-widget-image{text-align:center}.elementor-widget-image a{display:inline-block}.elementor-widget-image a img[src$=\".svg\"]{width:48px}.elementor-widget-image img{vertical-align:middle;display:inline-block}<\/style>\n<p>\t\t\t\t\t\t\t\t\t\t\t\t<img loading=\"lazy\" decoding=\"async\" width=\"1\" height=\"1\" src=\"https:\/\/www.padelfip.com\/wp-content\/uploads\/2023\/02\/CUPRA_blue.svg\" alt=\"\" \/><br \/>\n\t\t\t\t\t\t\t\t\t\t\t\t\t\t\t<img loading=\"lazy\" decoding=\"async\" width=\"800\" height=\"161\" src=\"https:\/\/www.padelfip.com\/wp-content\/uploads\/2023\/01\/bullpadel_blu.svg\" alt=\"\" \/><br \/>\n\t\t\t\t\t\t\t\t\t\t\t\t\t\t\t<img loading=\"lazy\" decoding=\"async\" width=\"800\" height=\"190\" src=\"https:\/\/www.padelfip.com\/wp-content\/uploads\/2023\/01\/italgreen_BLU.svg\" alt=\"\" \/><br \/>\n\t\t\t\t\t\t\t\t\t\t\t\t\t\t\t<img loading=\"lazy\" decoding=\"async\" width=\"800\" height=\"301\" src=\"https:\/\/www.padelfip.com\/wp-content\/uploads\/2023\/01\/MEJORSET_blu.svg\" alt=\"\" \/><\/p>\n","protected":false},"excerpt":{"rendered":"<p>Estimado solicitante, Rellene el formulario incluyendo todas sus experiencias profesionales relevantes. Tenga en cuenta que la posesi\u00f3n de una licencia v\u00e1lida expedida por el pa\u00eds de origen del solicitante es un requisito OBLIGATORIO. En caso contrario, p\u00f3ngase en contacto con su Federaci\u00f3n Nacional. Para trabajar en cualquier Torneo de la FIP es necesario dominar el [&hellip;]<\/p>\n","protected":false},"author":2,"featured_media":0,"parent":0,"menu_order":0,"comment_status":"closed","ping_status":"closed","template":"","meta":{"_acf_changed":false,"footnotes":""},"class_list":["post-69706","page","type-page","status-publish","hentry"],"acf":[],"_links":{"self":[{"href":"https:\/\/www.padelfip.com\/es\/wp-json\/wp\/v2\/pages\/69706","targetHints":{"allow":["GET"]}}],"collection":[{"href":"https:\/\/www.padelfip.com\/es\/wp-json\/wp\/v2\/pages"}],"about":[{"href":"https:\/\/www.padelfip.com\/es\/wp-json\/wp\/v2\/types\/page"}],"author":[{"embeddable":true,"href":"https:\/\/www.padelfip.com\/es\/wp-json\/wp\/v2\/users\/2"}],"replies":[{"embeddable":true,"href":"https:\/\/www.padelfip.com\/es\/wp-json\/wp\/v2\/comments?post=69706"}],"version-history":[{"count":0,"href":"https:\/\/www.padelfip.com\/es\/wp-json\/wp\/v2\/pages\/69706\/revisions"}],"wp:attachment":[{"href":"https:\/\/www.padelfip.com\/es\/wp-json\/wp\/v2\/media?parent=69706"}],"curies":[{"name":"wp","href":"https:\/\/api.w.org\/{rel}","templated":true}]}}